{"id":1112,"date":"2022-01-25T16:24:46","date_gmt":"2022-01-25T15:24:46","guid":{"rendered":"https:\/\/www.cacabelos.org\/turismo\/?page_id=1112"},"modified":"2022-02-12T19:50:49","modified_gmt":"2022-02-12T18:50:49","slug":"quilos","status":"publish","type":"page","link":"https:\/\/cacabelos.org\/turismo\/quilos\/","title":{"rendered":"Quil\u00f3s"},"content":{"rendered":"<p>[et_pb_section fb_built=&#8221;1&#8243; _builder_version=&#8221;4.9.4&#8243; _module_preset=&#8221;default&#8221;][et_pb_row column_structure=&#8221;1_3,1_3,1_3&#8243; _builder_version=&#8221;4.9.4&#8243; _module_preset=&#8221;default&#8221;][et_pb_column type=&#8221;1_3&#8243; _builder_version=&#8221;4.9.4&#8243; _module_preset=&#8221;default&#8221;][et_pb_text _builder_version=&#8221;4.9.4&#8243; _module_preset=&#8221;default&#8221;]<\/p>\n<h4><strong>QUIL\u00d3S<\/strong><\/h4>\n<p style=\"text-align: justify;\">Al norte de la ribera m\u00e1s extensa del Municipio de Cacabelos y de camino a Arganza y Fabero se encuentra Quil\u00f3s. Tiene su origen en los tiempos prerromanos de los Castros Vizca\u00edno y Pic\u00f3n que lo limitan y resguardan por el Noreste. Su extra\u00f1o nombre se relaciona con el Castellum Queledini de \u00c9poca Romana y fue el Quilous del Siglo X.<\/p>\n<p style=\"text-align: justify;\">Anclado en un f\u00e9rtil paraje surcado por numerosos arroyos y fuentes, con un n\u00facleo de poblaci\u00f3n muy disperso y moderno, conserva sin embargo, bellos ejemplos de su arquitectura tradicional de piedra y pizarra.<\/p>\n<p style=\"text-align: justify;\">Su f\u00e9rtil ribera le proporcion\u00f3 a lo largo del tiempo un crecimiento sostenido basado en una econom\u00eda principalmente agr\u00edcola, con cultivos como el tabaco, la vid, la horticultura e industrias derivadas de los mismos.<\/p>\n<p style=\"text-align: justify;\">Quil\u00f3s es lugar de paso para disfrutar de los numerosos rincones que ofrece el r\u00edo C\u00faa, para llegar a los Ancares, Fornela &#8230;., y un grato lugar para disfrutar de la buena comida, del paseo y las fiestas tradicionales de San Tirso, San Antonio y San Lorenzo<\/p>\n<p><strong><em>Fiestas:<\/em><\/strong><em><br \/>San Tirso: 28 de Enero<br \/>San Antonio: 13 de Junio<br \/>San Lorenzo: 10 de Agosto<\/em><\/p>\n<p><strong>Dispensario M\u00e9dico:<\/strong><br \/>De Lunes a Viernes por las ma\u00f1anas.<\/p>\n<p>[\/et_pb_text][\/et_pb_column][et_pb_column type=&#8221;1_3&#8243; _builder_version=&#8221;4.9.4&#8243; _module_preset=&#8221;default&#8221;][et_pb_gallery gallery_ids=&#8221;2168,2169&#8243; _builder_version=&#8221;4.9.4&#8243; _module_preset=&#8221;default&#8221; hover_enabled=&#8221;0&#8243; sticky_enabled=&#8221;0&#8243; title_text_color=&#8221;#FFFFFF&#8221;][\/et_pb_gallery][\/et_pb_column][et_pb_column type=&#8221;1_3&#8243; _builder_version=&#8221;4.9.4&#8243; _module_preset=&#8221;default&#8221;][et_pb_code admin_label=&#8221;MAPA &#8221; _builder_version=&#8221;4.9.4&#8243; _module_preset=&#8221;default&#8221; text_orientation=&#8221;center&#8221;]<iframe src=\"https:\/\/www.google.com\/maps\/embed?pb=!1m18!1m12!1m3!1d11741.926056522183!2d-6.7329011618788455!3d42.62995101671319!2m3!1f0!2f0!3f0!3m2!1i1024!2i768!4f13.1!3m3!1m2!1s0xd30bfb3f8fb37d5%3A0x843e231631cc4f33!2zMjQ1NDggUXVpbMOzcywgTGXDs24!5e0!3m2!1ses!2ses!4v1643127865920!5m2!1ses!2ses\" width=\"600\" height=\"450\" style=\"border:0;\" allowfullscreen=\"\" loading=\"lazy\"><\/iframe>[\/et_pb_code][\/et_pb_column][\/et_pb_row][\/et_pb_section]<\/p>\n","protected":false},"excerpt":{"rendered":"<p>QUIL\u00d3S Al norte de la ribera m\u00e1s extensa del Municipio de Cacabelos y de camino a Arganza y Fabero se encuentra Quil\u00f3s. Tiene su origen en los tiempos prerromanos de los Castros Vizca\u00edno y Pic\u00f3n que lo limitan y resguardan por el Noreste. Su extra\u00f1o nombre se relaciona con el Castellum Queledini de \u00c9poca Romana [&hellip;]<\/p>\n","protected":false},"author":1,"featured_media":0,"parent":0,"menu_order":0,"comment_status":"closed","ping_status":"closed","template":"","meta":{"_et_pb_use_builder":"on","_et_pb_old_content":"","_et_gb_content_width":""},"_links":{"self":[{"href":"https:\/\/cacabelos.org\/turismo\/wp-json\/wp\/v2\/pages\/1112"}],"collection":[{"href":"https:\/\/cacabelos.org\/turismo\/wp-json\/wp\/v2\/pages"}],"about":[{"href":"https:\/\/cacabelos.org\/turismo\/wp-json\/wp\/v2\/types\/page"}],"author":[{"embeddable":true,"href":"https:\/\/cacabelos.org\/turismo\/wp-json\/wp\/v2\/users\/1"}],"replies":[{"embeddable":true,"href":"https:\/\/cacabelos.org\/turismo\/wp-json\/wp\/v2\/comments?post=1112"}],"version-history":[{"count":11,"href":"https:\/\/cacabelos.org\/turismo\/wp-json\/wp\/v2\/pages\/1112\/revisions"}],"predecessor-version":[{"id":2171,"href":"https:\/\/cacabelos.org\/turismo\/wp-json\/wp\/v2\/pages\/1112\/revisions\/2171"}],"wp:attachment":[{"href":"https:\/\/cacabelos.org\/turismo\/wp-json\/wp\/v2\/media?parent=1112"}],"curies":[{"name":"wp","href":"https:\/\/api.w.org\/{rel}","templated":true}]}}