{"id":136,"date":"2021-12-10T14:34:49","date_gmt":"2021-12-10T13:34:49","guid":{"rendered":"https:\/\/www.cacabelos.org\/turismo\/?page_id=136"},"modified":"2022-01-28T12:57:20","modified_gmt":"2022-01-28T11:57:20","slug":"historia","status":"publish","type":"page","link":"https:\/\/cacabelos.org\/turismo\/historia\/","title":{"rendered":"Historia"},"content":{"rendered":"<p>[et_pb_section fb_built=&#8221;1&#8243; admin_label=&#8221;imagen y t\u00edtulo&#8221; _builder_version=&#8221;4.9.4&#8243; _module_preset=&#8221;default&#8221; background_image=&#8221;https:\/\/www.cacabelos.org\/turismo\/wp-content\/uploads\/2022\/01\/DSC8071-scaled.jpg&#8221; transform_scale=&#8221;98%|94%&#8221; transform_scale_linked=&#8221;off&#8221; width=&#8221;100%&#8221; max_width=&#8221;100%&#8221; module_alignment=&#8221;center&#8221; min_height=&#8221;100px&#8221; height=&#8221;268px&#8221; max_height=&#8221;1000px&#8221; animation_style=&#8221;bounce&#8221;][et_pb_row _builder_version=&#8221;4.9.4&#8243; _module_preset=&#8221;default&#8221;][et_pb_column type=&#8221;4_4&#8243; _builder_version=&#8221;4.9.4&#8243; _module_preset=&#8221;default&#8221;][et_pb_text _builder_version=&#8221;4.9.4&#8243; _module_preset=&#8221;default&#8221;]<\/p>\n<h1 style=\"text-align: center;\"><span style=\"color: #ffffff;\"><strong>CONOCE NUESTRA HISTORIA<\/strong><\/span><\/h1>\n<p>[\/et_pb_text][\/et_pb_column][\/et_pb_row][\/et_pb_section][et_pb_section fb_built=&#8221;1&#8243; _builder_version=&#8221;4.9.4&#8243; _module_preset=&#8221;default&#8221;][et_pb_row _builder_version=&#8221;4.9.4&#8243; _module_preset=&#8221;default&#8221;][et_pb_column type=&#8221;4_4&#8243; _builder_version=&#8221;4.9.4&#8243; _module_preset=&#8221;default&#8221;][et_pb_text admin_label=&#8221;prehistoria&#8221; _builder_version=&#8221;4.9.4&#8243; _module_preset=&#8221;default&#8221; background_color=&#8221;#FFFFFF&#8221; text_orientation=&#8221;center&#8221; box_shadow_style=&#8221;preset6&#8243;]<\/p>\n<section><\/section>\n<section><\/section>\n<section><\/section>\n<section><\/section>\n<section>\n<h3><img loading=\"lazy\" src=\"https:\/\/www.cacabelos.org\/images\/historia1.jpg\" width=\"179\" height=\"143\" \/><\/h3>\n<\/section>\n<p>[\/et_pb_text][et_pb_text admin_label=&#8221;prehistoria&#8221; _builder_version=&#8221;4.9.4&#8243; _module_preset=&#8221;default&#8221; custom_margin=&#8221;43px||-21px|0px|false|false&#8221; hover_enabled=&#8221;0&#8243; text_orientation=&#8221;justified&#8221; sticky_enabled=&#8221;0&#8243;]<\/p>\n<section><\/section>\n<section><\/section>\n<section><\/section>\n<section><\/section>\n<section><\/section>\n<section><\/section>\n<section><\/section>\n<section><\/section>\n<section><\/section>\n<section><\/section>\n<section><\/section>\n<section><\/section>\n<section><\/section>\n<section><\/section>\n<section>Los datos m\u00e1s antiguos sobre el poblamiento de Cacabelos se remontan al Paleol\u00edtico, como atestiguan los artefactos l\u00edticos hallados en las terrazas del C\u00faa. Hay que esperar, sin embargo, a la Edad del Bronce y a la Segunda Edad del Hierro para encontrar restos abundantes -objetos met\u00e1licos, molinos de barquilla, cer\u00e1micas- de la cultura castre\u00f1a, bien representada por Castro Vizca\u00edno y, sobre todo por Castro Ventosa, donde tradicionalmente se ha situado la Bergida prerromana que mencionan Floro y Osorio.<\/p>\n<p>&nbsp;<\/p>\n<\/section>\n<p>[\/et_pb_text][\/et_pb_column][\/et_pb_row][et_pb_row _builder_version=&#8221;4.9.4&#8243; _module_preset=&#8221;default&#8221;][et_pb_column type=&#8221;4_4&#8243; _builder_version=&#8221;4.9.4&#8243; _module_preset=&#8221;default&#8221;][et_pb_text admin_label=&#8221;edad antigua&#8221; _builder_version=&#8221;4.9.4&#8243; _module_preset=&#8221;default&#8221; background_color=&#8221;#FFFFFF&#8221; text_orientation=&#8221;center&#8221; box_shadow_style=&#8221;preset6&#8243;]<\/p>\n<section><\/section>\n<section><\/section>\n<section><\/section>\n<section><\/section>\n<section>\n<h3><\/h3>\n<h3><img loading=\"lazy\" src=\"https:\/\/www.cacabelos.org\/images\/historia2.jpg\" width=\"180\" height=\"144\" \/><\/h3>\n<\/section>\n<p>[\/et_pb_text][et_pb_text admin_label=&#8221;edad antigua&#8221; _builder_version=&#8221;4.9.4&#8243; _module_preset=&#8221;default&#8221; text_line_height=&#8221;1.6em&#8221; min_height=&#8221;389.9px&#8221; custom_margin=&#8221;43px||-175px|0px|false|false&#8221; custom_padding=&#8221;0px||0px|0px|false|false&#8221; hover_enabled=&#8221;0&#8243; text_orientation=&#8221;justified&#8221; sticky_enabled=&#8221;0&#8243;]<\/p>\n<section><\/section>\n<section><\/section>\n<section><\/section>\n<section><\/section>\n<section><\/section>\n<section><\/section>\n<section><\/section>\n<section><\/section>\n<section><\/section>\n<section><\/section>\n<section><\/section>\n<section><\/section>\n<section><\/section>\n<section><\/section>\n<section><\/section>\n<section><\/section>\n<section><\/section>\n<section><\/section>\n<section><\/section>\n<section><\/section>\n<section><\/section>\n<section><\/section>\n<section><\/section>\n<section><\/section>\n<section><\/section>\n<section>Fueron esos autores, Floro y Osorio, los que nos relatan las guerras contra los astures (25 &#8211; 19 aC.), que concluir\u00edan con la toma de Bergida. El intenso proceso de romanizaci\u00f3n de la comarca queda perfectamente reflejado en la aparici\u00f3n de Bergidum Flavium, ciudad que algunos sit\u00faan en el llano, a la altura del actual cementerio de Cacabelos, y a la que mencionan Ptolomeo y el itinerario de Antonino. Bergidum, fue el centro administrativo de los numerosos yacimientos aur\u00edferos que los romanos explotaron en el Bierzo, algunos incluso en nuestro propio municipio, como el de los Lagos de Villabuena.<\/p>\n<p>En el siglo V, los suevos se asientan en el noroeste, territorio que en el siglo siguiente ser\u00e1 anexionado por los visigodos. El parroquial suevo incluye a Bergido en la di\u00f3cesis de Astorga, signo de la presencia de ese pueblo en nuestro municipio; la moneda de Sisebuto, acu\u00f1ada en Bergido, y san Valerio en su autobiograf\u00eda nos hablan tambi\u00e9n del poblamiento visigodo en el solar de nuestra villa.<\/p>\n<\/section>\n<p>[\/et_pb_text][\/et_pb_column][\/et_pb_row][et_pb_row _builder_version=&#8221;4.9.4&#8243; _module_preset=&#8221;default&#8221; custom_margin=&#8221;0px||0px||false|false&#8221; custom_padding=&#8221;0px|||||&#8221;][et_pb_column type=&#8221;4_4&#8243; _builder_version=&#8221;4.9.4&#8243; _module_preset=&#8221;default&#8221;][et_pb_text admin_label=&#8221;edad media&#8221; _builder_version=&#8221;4.9.4&#8243; _module_preset=&#8221;default&#8221; background_color=&#8221;#FFFFFF&#8221; text_orientation=&#8221;center&#8221; box_shadow_style=&#8221;preset6&#8243;]<\/p>\n<section><\/section>\n<section><\/section>\n<section><\/section>\n<section><\/section>\n<section>\n<h3><\/h3>\n<h3><img loading=\"lazy\" src=\"https:\/\/www.cacabelos.org\/images\/historia3.jpg\" width=\"145\" height=\"116\" \/><\/h3>\n<\/section>\n<p>[\/et_pb_text][et_pb_text admin_label=&#8221;edad media&#8221; _builder_version=&#8221;4.9.4&#8243; _module_preset=&#8221;default&#8221; custom_margin=&#8221;43px|||0px|false|false&#8221; hover_enabled=&#8221;0&#8243; text_orientation=&#8221;justified&#8221; sticky_enabled=&#8221;0&#8243;]<\/p>\n<section>Bergido no desapareci\u00f3 con la invasi\u00f3n agarena a comienzos del siglo VIII. Pervive como n\u00facleo importante con el nombre de Ventosa. Luego fue decayendo hasta su m\u00e1s completo abandono y olvido.<\/p>\n<p>Cacabelos se menciona por primera vez en el siglo X, en la donaci\u00f3n de Bermudo II al monasterio de Carracedo. En el a\u00f1o 1108 el arzobispo de Santiago, Diego Gelm\u00edrez, lo reconstruye y erige su iglesia de Santa Mar\u00eda, que a\u00fan conserva su viejo \u00e1bside. Dicha reconstrucci\u00f3n provocar\u00eda una enconada disputa con el obispo de Astorga, pues la villa se hallaba en territorio de esa di\u00f3cesis. La disputa concluy\u00f3 con la donaci\u00f3n de la villa por Alfonso VII a aquel arzobispo en 1138, hecho que singularizar\u00e1 a Cacabelos, pues no s\u00f3lo ser\u00e1 jurisdicci\u00f3n del arzobispo, sino que pertenecer\u00e1 a aquella lejana di\u00f3cesis hasta 1890. En ese siglo XI tambi\u00e9n se mencionan Villabuena, donde existe un palacio real, y Pieros cuya iglesia consagrar\u00eda en 1086 el obispo Osmundo.<\/p>\n<p>La villa, al lado de un puente, en pleno Camino jacobeo, creci\u00f3 de forma ininterrumpida durante la Edad Media, como lo testimonian sus iglesias (Santa Mar\u00eda de la Plaza, Santa Mar\u00eda de la Edrada y Santa Mar\u00eda &#8220;circa pontem&#8221;) y hospitales (San L\u00e1zaro, Santiago, Santa Catalina, Alfonso Cabirto, In\u00e9s Dom\u00ednguez). La poblaci\u00f3n prosper\u00f3 por su riqueza agr\u00edcola y el comercio de peregrinos y pobladores francos; y tuvo una aljama jud\u00eda.<\/p>\n<p>Un nuevo aliciente en el crecimiento de la villa fue la concesi\u00f3n por Sancho IV, en 1291, de una feria anual de quince d\u00edas de duraci\u00f3n, celebrada en las fiestas de la Cruz de Mayo, a la que posteriormente se a\u00f1adir\u00edan otras ferias en San Miguel y San Bartolom\u00e9. Villabuena, por su parte, se construir\u00e1 en el siglo XIII el monasterio de San Guillermo, de monjas cistercienses en cuyos dominios jurisdiccionales encontraremos a Quil\u00f3s y Arborbuena, mencionados por primera vez en ese siglo.<\/p>\n<\/section>\n<section><\/section>\n<section><\/section>\n<section><\/section>\n<section><\/section>\n<section><\/section>\n<section><\/section>\n<section><\/section>\n<section><\/section>\n<section><\/section>\n<section><\/section>\n<section><\/section>\n<section><\/section>\n<section><\/section>\n<section><\/section>\n<p>[\/et_pb_text][\/et_pb_column][\/et_pb_row][et_pb_row _builder_version=&#8221;4.9.4&#8243; _module_preset=&#8221;default&#8221;][et_pb_column type=&#8221;4_4&#8243; _builder_version=&#8221;4.9.4&#8243; _module_preset=&#8221;default&#8221;][et_pb_text admin_label=&#8221;edad moderna&#8221; _builder_version=&#8221;4.9.4&#8243; _module_preset=&#8221;default&#8221; background_color=&#8221;#FFFFFF&#8221; text_orientation=&#8221;center&#8221; box_shadow_style=&#8221;preset6&#8243;]<\/p>\n<section><\/section>\n<section><\/section>\n<section><\/section>\n<section><\/section>\n<section>\n<h3><\/h3>\n<h3><img loading=\"lazy\" src=\"https:\/\/www.cacabelos.org\/images\/historia4.jpg\" width=\"191\" height=\"153\" \/><\/h3>\n<\/section>\n<p>[\/et_pb_text][et_pb_text admin_label=&#8221;edad moderna&#8221; _builder_version=&#8221;4.9.4&#8243; _module_preset=&#8221;default&#8221; custom_margin=&#8221;43px|||0px|false|false&#8221; hover_enabled=&#8221;0&#8243; text_orientation=&#8221;justified&#8221; sticky_enabled=&#8221;0&#8243;]<\/p>\n<section><\/section>\n<section><\/section>\n<section><\/section>\n<section><\/section>\n<section><\/section>\n<section><\/section>\n<section><\/section>\n<section><\/section>\n<section><\/section>\n<section><\/section>\n<section><\/section>\n<section><\/section>\n<section><\/section>\n<section><\/section>\n<section>Al comienzo de la Edad Moderna, Cacabelos se integra en el marquesado de Villafranca, heredero del conde de Lemos, a quien el arzobispo don Rodrigo de Luna hab\u00eda donado la villa en 1458. Tambi\u00e9n pasar\u00edan a esas manos los lugares de Quil\u00f3s, Arborbuena y Villabuena, por compra a la abadesa de San Guillermo, poco antes de la integraci\u00f3n de ese monasterio al de San Miguel de las Due\u00f1as. En esos siglos Cacabelos fue una villa de unos mil habitantes, con varias iglesias -parroquial del siglo XVI y las Angustias del XVIII- y ermitas, y un hospital, el de San Juan, en el que se concentraron las rentas y bienes de los anteriores. A su lado Quil\u00f3s, Pieros o Villabuena fueron peque\u00f1as aldeas que juntas apenas superaron los cien vecinos.<\/p>\n<h3 style=\"text-align: justify;\"><\/h3>\n<\/section>\n<p>[\/et_pb_text][\/et_pb_column][\/et_pb_row][et_pb_row _builder_version=&#8221;4.9.4&#8243; _module_preset=&#8221;default&#8221;][et_pb_column type=&#8221;4_4&#8243; _builder_version=&#8221;4.9.4&#8243; _module_preset=&#8221;default&#8221;][et_pb_text admin_label=&#8221;edad contempor\u00e1nea &#8221; _builder_version=&#8221;4.9.4&#8243; _module_preset=&#8221;default&#8221; background_color=&#8221;#FFFFFF&#8221; text_orientation=&#8221;center&#8221; box_shadow_style=&#8221;preset6&#8243;]<\/p>\n<section><\/section>\n<section><\/section>\n<section><\/section>\n<section><\/section>\n<section>\n<h3><img loading=\"lazy\" src=\"https:\/\/www.cacabelos.org\/images\/historia5.jpg\" width=\"183\" height=\"146\" \/><\/h3>\n<h3><\/h3>\n<\/section>\n<p>[\/et_pb_text][et_pb_text admin_label=&#8221;edad comtempor\u00e1nea&#8221; _builder_version=&#8221;4.9.4&#8243; _module_preset=&#8221;default&#8221; custom_margin=&#8221;43px|||0px|false|false&#8221; hover_enabled=&#8221;0&#8243; text_orientation=&#8221;justified&#8221; sticky_enabled=&#8221;0&#8243;]<\/p>\n<section><\/section>\n<section><\/section>\n<section><\/section>\n<section><\/section>\n<section><\/section>\n<section><\/section>\n<section><\/section>\n<section><\/section>\n<section><\/section>\n<section><\/section>\n<section><\/section>\n<section><\/section>\n<section><\/section>\n<section><\/section>\n<section>El siglo XIX se inicia con la guerra de la Independencia. Aqu\u00ed, en los primeros d\u00edas de enero de 1809, se enfrentaron ingleses y franceses en una batalla en la que morir\u00eda el general Colbert. Con la desaparici\u00f3n de los se\u00f1or\u00edos jurisdiccionales, Cacabelos se convierte en municipio, que integran la villa y los pueblos de Quil\u00f3s, Arborbuena y Pieros. Tiene una superficie de 19,5 km\u00b2, y una poblaci\u00f3n, en 1857, de 2.214 habitantes, de los cuales 1.410 en la capital. La agricultura, especialmente el vino, las ferias y una importante actividad comercial convierten a la villa en uno de los n\u00facleos m\u00e1s din\u00e1micos de la comarca.<\/p>\n<p>La crisis de la filoxera, con la que desapareci\u00f3 la mayor parte del extenso vi\u00f1edo, provocar\u00e1 una fuerte recesi\u00f3n econ\u00f3mica y un leve descenso demogr\u00e1fico (en 1900 la poblaci\u00f3n era de 2.180 habitantes). S\u00f3lo bien entrado el siglo XX se recuperar\u00e1 el vi\u00f1edo con injertos americanos, lo que favorecer\u00e1 la aparici\u00f3n de numerosas e importantes bodegas y una cooperativa de vinos. Al comp\u00e1s de esta recuperaci\u00f3n econ\u00f3mica creci\u00f3 la poblaci\u00f3n: parques y plazas, Colegio P\u00fablico e Instituto de Bachillerato, Centro de Salud y Residencia de la Tercera Edad, polideportivo y piscinas. Hoy el municipio de Cacabelos lo integran las localidades de Cacabelos, Quil\u00f3s, Pieros y Arborbuena, adem\u00e1s de Villabuena y San Clemente que se incorporaron voluntariamente al municipio en los a\u00f1os ochenta. Su poblaci\u00f3n alcanza ligeramente los 5.000 habitantes.<\/p>\n<\/section>\n<p>[\/et_pb_text][\/et_pb_column][\/et_pb_row][\/et_pb_section]<\/p>\n","protected":false},"excerpt":{"rendered":"<p>CONOCE NUESTRA HISTORIA Los datos m\u00e1s antiguos sobre el poblamiento de Cacabelos se remontan al Paleol\u00edtico, como atestiguan los artefactos l\u00edticos hallados en las terrazas del C\u00faa. Hay que esperar, sin embargo, a la Edad del Bronce y a la Segunda Edad del Hierro para encontrar restos abundantes -objetos met\u00e1licos, molinos de barquilla, cer\u00e1micas- de [&hellip;]<\/p>\n","protected":false},"author":1,"featured_media":0,"parent":0,"menu_order":0,"comment_status":"closed","ping_status":"closed","template":"","meta":{"_et_pb_use_builder":"on","_et_pb_old_content":"","_et_gb_content_width":""},"_links":{"self":[{"href":"https:\/\/cacabelos.org\/turismo\/wp-json\/wp\/v2\/pages\/136"}],"collection":[{"href":"https:\/\/cacabelos.org\/turismo\/wp-json\/wp\/v2\/pages"}],"about":[{"href":"https:\/\/cacabelos.org\/turismo\/wp-json\/wp\/v2\/types\/page"}],"author":[{"embeddable":true,"href":"https:\/\/cacabelos.org\/turismo\/wp-json\/wp\/v2\/users\/1"}],"replies":[{"embeddable":true,"href":"https:\/\/cacabelos.org\/turismo\/wp-json\/wp\/v2\/comments?post=136"}],"version-history":[{"count":44,"href":"https:\/\/cacabelos.org\/turismo\/wp-json\/wp\/v2\/pages\/136\/revisions"}],"predecessor-version":[{"id":1398,"href":"https:\/\/cacabelos.org\/turismo\/wp-json\/wp\/v2\/pages\/136\/revisions\/1398"}],"wp:attachment":[{"href":"https:\/\/cacabelos.org\/turismo\/wp-json\/wp\/v2\/media?parent=136"}],"curies":[{"name":"wp","href":"https:\/\/api.w.org\/{rel}","templated":true}]}}