{"id":1581,"date":"2022-01-30T11:44:13","date_gmt":"2022-01-30T10:44:13","guid":{"rendered":"https:\/\/www.cacabelos.org\/turismo\/?page_id=1581"},"modified":"2022-02-12T18:19:08","modified_gmt":"2022-02-12T17:19:08","slug":"santuario-v-angustia","status":"publish","type":"page","link":"https:\/\/cacabelos.org\/turismo\/santuario-v-angustia\/","title":{"rendered":"Santuario V Angustia"},"content":{"rendered":"<p>[et_pb_section fb_built=&#8221;1&#8243; _builder_version=&#8221;4.9.4&#8243; _module_preset=&#8221;default&#8221; background_image=&#8221;https:\/\/www.cacabelos.org\/turismo\/wp-content\/uploads\/2022\/02\/Santuario-de-la-Angustias-flores.jpg&#8221; height=&#8221;209px&#8221; hover_enabled=&#8221;0&#8243; sticky_enabled=&#8221;0&#8243;][et_pb_row _builder_version=&#8221;4.9.4&#8243; _module_preset=&#8221;default&#8221;][et_pb_column type=&#8221;4_4&#8243; _builder_version=&#8221;4.9.4&#8243; _module_preset=&#8221;default&#8221;][et_pb_text _builder_version=&#8221;4.9.4&#8243; _module_preset=&#8221;default&#8221;]<\/p>\n<h1 style=\"text-align: center;\"><span style=\"color: #ffffff;\"><strong>Santuario de la V Angustia\u00a0<\/strong><\/span><\/h1>\n<p>[\/et_pb_text][\/et_pb_column][\/et_pb_row][\/et_pb_section][et_pb_section fb_built=&#8221;1&#8243; _builder_version=&#8221;4.9.4&#8243; _module_preset=&#8221;default&#8221;][et_pb_row _builder_version=&#8221;4.9.4&#8243; _module_preset=&#8221;default&#8221;][et_pb_column type=&#8221;4_4&#8243; _builder_version=&#8221;4.9.4&#8243; _module_preset=&#8221;default&#8221;][et_pb_text _builder_version=&#8221;4.9.4&#8243; _module_preset=&#8221;default&#8221;]<\/p>\n<p style=\"text-align: justify;\">A la salida de la villa, tras pasar el puente mayor y el de los molinos, se encuentra el <strong>santuario de las Angustias.<\/strong> Construido en el siglo XVIII en honor a la Virgen de la V Angustia, patrona del municipio. Son de gran inter\u00e9s los retablos, imaginer\u00eda y pinturas, especialmente, el &#8220;Ni\u00f1o Jes\u00fas jugando a las cartas con San Antonio.<\/p>\n<p>[\/et_pb_text][\/et_pb_column][\/et_pb_row][et_pb_row column_structure=&#8221;1_3,1_3,1_3&#8243; _builder_version=&#8221;4.9.4&#8243; _module_preset=&#8221;default&#8221;][et_pb_column type=&#8221;1_3&#8243; _builder_version=&#8221;4.9.4&#8243; _module_preset=&#8221;default&#8221;][et_pb_accordion open_toggle_background_color=&#8221;#EDF000&#8243; closed_toggle_background_color=&#8221;#FFFFFF&#8221; icon_color=&#8221;#EDF000&#8243; admin_label=&#8221;leer m\u00e1s &#8221; _builder_version=&#8221;4.9.4&#8243; _module_preset=&#8221;default&#8221; text_orientation=&#8221;justified&#8221; width=&#8221;100%&#8221; custom_margin=&#8221;0px||||false|false&#8221; animation_style=&#8221;slide&#8221; box_shadow_style=&#8221;preset1&#8243;][et_pb_accordion_item title=&#8221;LEER M\u00c1S &#8221; open=&#8221;on&#8221; _builder_version=&#8221;4.9.4&#8243; _module_preset=&#8221;default&#8221; body_text_color=&#8221;#FFFFFF&#8221; text_orientation=&#8221;center&#8221;][\/et_pb_accordion_item][et_pb_accordion_item title=&#8221;SATUARIO DE LAS ANGUSTIAS &#8221; _builder_version=&#8221;4.9.4&#8243; _module_preset=&#8221;default&#8221; background_color=&#8221;#FFFFFF&#8221; background_enable_color=&#8221;on&#8221; text_orientation=&#8221;center&#8221; open=&#8221;off&#8221;]<\/p>\n<p style=\"text-align: justify;\">A la salida de la villa, tras pasar el puente mayor y el de los molinos, se encuentra el santuario de las Angustias. Se tiene constancia documental de la existencia en este mismo lugar de una ermita dedicada a la Virgen Mar\u00eda, sin embargo tanto el edificio actual como la mayor\u00eda de retablos, im\u00e1genes y pinturas son del siglo XVIII. En el camar\u00edn, se encuentra la imagen de la &#8220;Virgen de la Quinta Angustia&#8221; (1764) y entre sus siete retablos destaca el mayor (1758), obra de Miguel Nu\u00f1ez y Juan de Solorzano. Una pintura de la &#8220;Virgen de la Leche&#8221;, el relieve del &#8220;Ni\u00f1o Jes\u00fas intercambiando unas cartas con San Antonio de Padua&#8221; y el \u00f3rgano, procedente del monasterio de Carracedo, son algunas de sus piezas de mayor inter\u00e9s art\u00edstico.<\/p>\n<p>[\/et_pb_accordion_item][\/et_pb_accordion][\/et_pb_column][et_pb_column type=&#8221;1_3&#8243; _builder_version=&#8221;4.9.4&#8243; _module_preset=&#8221;default&#8221;][et_pb_gallery gallery_ids=&#8221;1997,2002,2004,2005,2023&#8243; fullwidth=&#8221;on&#8221; _builder_version=&#8221;4.9.4&#8243; _module_preset=&#8221;default&#8221; pagination_text_color=&#8221;#FFFFFF&#8221; height=&#8221;1000px&#8221; max_height=&#8221;281px&#8221; overflow-x=&#8221;visible&#8221; overflow-y=&#8221;visible&#8221; custom_margin=&#8221;||0px|-5px|false|false&#8221; custom_padding=&#8221;||||false|false&#8221; sticky_position=&#8221;top&#8221; border_color_all=&#8221;#FFFFFF&#8221;][\/et_pb_gallery][\/et_pb_column][et_pb_column type=&#8221;1_3&#8243; _builder_version=&#8221;4.9.4&#8243; _module_preset=&#8221;default&#8221;][et_pb_code admin_label=&#8221;ubicaci\u00f3n&#8221; _builder_version=&#8221;4.9.4&#8243; _module_preset=&#8221;default&#8221; custom_margin=&#8221;||-100px||false|false&#8221; custom_padding=&#8221;||0px||false|false&#8221;]<iframe src=\"https:\/\/www.google.com\/maps\/embed?pb=!1m14!1m8!1m3!1d11747.505060653591!2d-6.7312448!3d42.6003687!3m2!1i1024!2i768!4f13.1!3m3!1m2!1s0x0%3A0x2f91698d5026b57b!2sSantuario%20de%20Quinta%20Angustia!5e0!3m2!1ses!2ses!4v1644414084629!5m2!1ses!2ses\" width=\"400\" height=\"300\" style=\"border:0;\" allowfullscreen=\"\" loading=\"lazy\"><\/iframe>[\/et_pb_code][\/et_pb_column][\/et_pb_row][\/et_pb_section]<\/p>\n","protected":false},"excerpt":{"rendered":"<p>Santuario de la V Angustia\u00a0A la salida de la villa, tras pasar el puente mayor y el de los molinos, se encuentra el santuario de las Angustias. Construido en el siglo XVIII en honor a la Virgen de la V Angustia, patrona del municipio. Son de gran inter\u00e9s los retablos, imaginer\u00eda y pinturas, especialmente, el [&hellip;]<\/p>\n","protected":false},"author":2,"featured_media":0,"parent":0,"menu_order":0,"comment_status":"closed","ping_status":"closed","template":"","meta":{"_et_pb_use_builder":"on","_et_pb_old_content":"","_et_gb_content_width":""},"_links":{"self":[{"href":"https:\/\/cacabelos.org\/turismo\/wp-json\/wp\/v2\/pages\/1581"}],"collection":[{"href":"https:\/\/cacabelos.org\/turismo\/wp-json\/wp\/v2\/pages"}],"about":[{"href":"https:\/\/cacabelos.org\/turismo\/wp-json\/wp\/v2\/types\/page"}],"author":[{"embeddable":true,"href":"https:\/\/cacabelos.org\/turismo\/wp-json\/wp\/v2\/users\/2"}],"replies":[{"embeddable":true,"href":"https:\/\/cacabelos.org\/turismo\/wp-json\/wp\/v2\/comments?post=1581"}],"version-history":[{"count":13,"href":"https:\/\/cacabelos.org\/turismo\/wp-json\/wp\/v2\/pages\/1581\/revisions"}],"predecessor-version":[{"id":2139,"href":"https:\/\/cacabelos.org\/turismo\/wp-json\/wp\/v2\/pages\/1581\/revisions\/2139"}],"wp:attachment":[{"href":"https:\/\/cacabelos.org\/turismo\/wp-json\/wp\/v2\/media?parent=1581"}],"curies":[{"name":"wp","href":"https:\/\/api.w.org\/{rel}","templated":true}]}}