{"id":1600,"date":"2022-01-30T11:51:30","date_gmt":"2022-01-30T10:51:30","guid":{"rendered":"https:\/\/www.cacabelos.org\/turismo\/?page_id=1600"},"modified":"2022-02-11T11:12:35","modified_gmt":"2022-02-11T10:12:35","slug":"puente-mayor","status":"publish","type":"page","link":"https:\/\/cacabelos.org\/turismo\/puente-mayor\/","title":{"rendered":"Puente Mayor"},"content":{"rendered":"<p>[et_pb_section fb_built=&#8221;1&#8243; _builder_version=&#8221;4.9.4&#8243; _module_preset=&#8221;default&#8221; background_image=&#8221;https:\/\/www.cacabelos.org\/turismo\/wp-content\/uploads\/2022\/02\/Puente-Mayor-de-cacabelos-.jpg&#8221; height=&#8221;142px&#8221;][et_pb_row _builder_version=&#8221;4.9.4&#8243; _module_preset=&#8221;default&#8221;][et_pb_column type=&#8221;4_4&#8243; _builder_version=&#8221;4.9.4&#8243; _module_preset=&#8221;default&#8221;][et_pb_text _builder_version=&#8221;4.9.4&#8243; _module_preset=&#8221;default&#8221;]<\/p>\n<h1 style=\"text-align: center;\"><span style=\"color: #ffffff;\"><strong>Puente Mayor de Cacabelos<\/strong><\/span><\/h1>\n<p>[\/et_pb_text][\/et_pb_column][\/et_pb_row][\/et_pb_section][et_pb_section fb_built=&#8221;1&#8243; _builder_version=&#8221;4.9.4&#8243; _module_preset=&#8221;default&#8221;][et_pb_row _builder_version=&#8221;4.9.4&#8243; _module_preset=&#8221;default&#8221;][et_pb_column type=&#8221;4_4&#8243; _builder_version=&#8221;4.9.4&#8243; _module_preset=&#8221;default&#8221;][et_pb_text _builder_version=&#8221;4.9.4&#8243; _module_preset=&#8221;default&#8221;]<\/p>\n<p><strong>Puente Mayor de Cacabelos:<\/strong><\/p>\n<p style=\"text-align: justify;\">Desde \u00e9poca romana existi\u00f3 en Cacabelos un puente de f\u00e1brica para cruzar el r\u00edo C\u00faa, pero las limitaciones t\u00e9cnicas, la evoluci\u00f3n de la trama urbana de la villa, la acci\u00f3n del tiempo y del ser humano y especialmente, las grandes crecidas del r\u00edo, han impedido que llegara hasta nosotros. El puente actual, con sus seis b\u00f3vedas de siller\u00eda, es obra de los siglos XVI y XVIII y uno de los m\u00e1s monumentales y mejor conservados de la provincia.<\/p>\n<p style=\"text-align: justify;\">En sus inmediaciones tuvo lugar la famosa batalla de Cacabelos entre las tropas francesas e inglesas el 3 de enero de 1809.<\/p>\n<p>[\/et_pb_text][\/et_pb_column][\/et_pb_row][et_pb_row column_structure=&#8221;1_3,1_3,1_3&#8243; _builder_version=&#8221;4.9.4&#8243; _module_preset=&#8221;default&#8221;][et_pb_column type=&#8221;1_3&#8243; _builder_version=&#8221;4.9.4&#8243; _module_preset=&#8221;default&#8221;][et_pb_accordion open_toggle_background_color=&#8221;#EDF000&#8243; closed_toggle_background_color=&#8221;#FFFFFF&#8221; icon_color=&#8221;#EDF000&#8243; admin_label=&#8221;leer m\u00e1s &#8221; _builder_version=&#8221;4.9.4&#8243; _module_preset=&#8221;default&#8221; text_orientation=&#8221;justified&#8221; width=&#8221;100%&#8221; custom_margin=&#8221;0px||||false|false&#8221; animation_style=&#8221;slide&#8221; box_shadow_style=&#8221;preset1&#8243;][et_pb_accordion_item title=&#8221;LEER M\u00c1S &#8221; open=&#8221;on&#8221; _builder_version=&#8221;4.9.4&#8243; _module_preset=&#8221;default&#8221; body_text_color=&#8221;#FFFFFF&#8221; text_orientation=&#8221;center&#8221;][\/et_pb_accordion_item][et_pb_accordion_item title=&#8221;PUENTE MAYOR DE CACABELOS&#8221; _builder_version=&#8221;4.9.4&#8243; _module_preset=&#8221;default&#8221; background_color=&#8221;#FFFFFF&#8221; background_enable_color=&#8221;on&#8221; text_orientation=&#8221;center&#8221; open=&#8221;off&#8221;]<\/p>\n<p style=\"text-align: justify;\">Desde \u00e9poca romana existi\u00f3 en Cacabelos un puente de f\u00e1brica para cruzar el r\u00edo C\u00faa, pero las limitaciones t\u00e9cnicas, la evoluci\u00f3n de la trama urbana de la villa, la acci\u00f3n del tiempo y de los hombres y sobre todo las grandes crecidas del r\u00edo han impedido que llegara hasta nosotros. El puente actual, con sus seis b\u00f3vedas de siller\u00eda, es obra de los siglos XVI y XVIII y uno de los m\u00e1s monumentales y mejor conservados de la provincia.<br \/>En sus inmediaciones tuvo lugar la famosa batalla de Cacabelos entre las tropas francesas e inglesas el 3 de enero de 1809, y en la actualidad se ha habilitado, aguas abajo, una excelente piscina fluvial aprovech\u00e1ndose del muro de la antigua f\u00e1brica de luz.<\/p>\n<p>[\/et_pb_accordion_item][et_pb_accordion_item title=&#8221;CAMINO NATURAL -PASEO POR EL RIO C\u00daA &#8211; &#8221; _builder_version=&#8221;4.9.4&#8243; _module_preset=&#8221;default&#8221; text_orientation=&#8221;center&#8221; link_option_url=&#8221;https:\/\/www.cacabelos.org\/turismo\/camino-natural-de-cacabelos-a-quilos\/&#8221; link_option_url_new_window=&#8221;on&#8221; open=&#8221;off&#8221;][\/et_pb_accordion_item][et_pb_accordion_item title=&#8221;PLAYA FLUVIAL CACABELOS&#8221; _builder_version=&#8221;4.9.4&#8243; _module_preset=&#8221;default&#8221; text_orientation=&#8221;center&#8221; open=&#8221;off&#8221;]<\/p>\n<p style=\"text-align: justify;\">Cacabelos, villa del C\u00faa, tiene en verano, uno de los mejores ambientes de la comarca de el <strong>Bierzo,<\/strong> y en la <strong>playa fluvial de Cacabelos<\/strong> bajo el puente mayor, decenas de personas se re\u00fanen en ella para refrescarse. Se puede practicar \u00a0la\u00a0<em><u>nataci\u00f3n y el pirag\u00fcismo<\/u><\/em> pues el remanso de las aguas del C\u00faa en este\u00a0punto as\u00ed lo permite. Esta piscina natural\u00a0<strong>no e<\/strong><strong>s excesivamente fr\u00eda<\/strong>, pues las aguas ya han bajado un cuanto desde su nacimiento.<\/p>\n<p style=\"text-align: justify;\">En definitiva, todo un planazo para la tardes de verano, junto al soberbio puente.<\/p>\n<p><a href=\"https:\/\/goo.gl\/maps\/UWDeDZsRLXfujmuw8\" target=\"_blank\" rel=\"noopener\">Como Llegar<\/a><\/p>\n<p>[\/et_pb_accordion_item][\/et_pb_accordion][\/et_pb_column][et_pb_column type=&#8221;1_3&#8243; _builder_version=&#8221;4.9.4&#8243; _module_preset=&#8221;default&#8221;][et_pb_gallery gallery_ids=&#8221;2058,2064,2060,2062,2073,2063,2059&#8243; fullwidth=&#8221;on&#8221; _builder_version=&#8221;4.9.4&#8243; _module_preset=&#8221;default&#8221; pagination_text_color=&#8221;#FFFFFF&#8221; height=&#8221;1000px&#8221; max_height=&#8221;496px&#8221; custom_margin=&#8221;||0px|-5px|false|false&#8221; custom_padding=&#8221;||||false|false&#8221; hover_enabled=&#8221;0&#8243; sticky_enabled=&#8221;0&#8243;][\/et_pb_gallery][\/et_pb_column][et_pb_column type=&#8221;1_3&#8243; _builder_version=&#8221;4.9.4&#8243; _module_preset=&#8221;default&#8221;][et_pb_code admin_label=&#8221;ubicaci\u00f3n&#8221; _builder_version=&#8221;4.9.4&#8243; _module_preset=&#8221;default&#8221; height=&#8221;1000px&#8221; max_height=&#8221;991px&#8221; custom_margin=&#8221;||||false|false&#8221; custom_padding=&#8221;||0px||false|false&#8221; hover_enabled=&#8221;0&#8243; sticky_enabled=&#8221;0&#8243;]<iframe src=\"https:\/\/www.google.com\/maps\/embed?pb=!1m14!1m8!1m3!1d11747.612735043773!2d-6.7291636!3d42.5997976!3m2!1i1024!2i768!4f13.1!3m3!1m2!1s0x0%3A0x47068c92115566e8!2sPuente%20Mayor%20de%20Cacabelos!5e0!3m2!1ses!2ses!4v1644503767409!5m2!1ses!2ses\" width=\"400\" height=\"300\" style=\"border:0;\" allowfullscreen=\"\" loading=\"lazy\"><\/iframe>[\/et_pb_code][\/et_pb_column][\/et_pb_row][\/et_pb_section][et_pb_section fb_built=&#8221;1&#8243; _builder_version=&#8221;4.9.4&#8243; _module_preset=&#8221;default&#8221; background_image=&#8221;https:\/\/www.cacabelos.org\/turismo\/wp-content\/uploads\/2022\/02\/Playa-fluvial.jpg&#8221; height=&#8221;142px&#8221; custom_margin=&#8221;-600px||||false|false&#8221; custom_padding=&#8221;||||false|false&#8221;][et_pb_row _builder_version=&#8221;4.9.4&#8243; _module_preset=&#8221;default&#8221;][et_pb_column type=&#8221;4_4&#8243; _builder_version=&#8221;4.9.4&#8243; _module_preset=&#8221;default&#8221;][et_pb_text _builder_version=&#8221;4.9.4&#8243; _module_preset=&#8221;default&#8221;]<\/p>\n<h1 style=\"text-align: center;\"><span style=\"color: #ffffff;\"><strong>Playa Fluvial <\/strong><\/span><\/h1>\n<p>[\/et_pb_text][\/et_pb_column][\/et_pb_row][\/et_pb_section]<\/p>\n","protected":false},"excerpt":{"rendered":"<p>Puente Mayor de CacabelosPuente Mayor de Cacabelos: Desde \u00e9poca romana existi\u00f3 en Cacabelos un puente de f\u00e1brica para cruzar el r\u00edo C\u00faa, pero las limitaciones t\u00e9cnicas, la evoluci\u00f3n de la trama urbana de la villa, la acci\u00f3n del tiempo y del ser humano y especialmente, las grandes crecidas del r\u00edo, han impedido que llegara hasta [&hellip;]<\/p>\n","protected":false},"author":2,"featured_media":0,"parent":0,"menu_order":0,"comment_status":"closed","ping_status":"closed","template":"","meta":{"_et_pb_use_builder":"on","_et_pb_old_content":"","_et_gb_content_width":""},"_links":{"self":[{"href":"https:\/\/cacabelos.org\/turismo\/wp-json\/wp\/v2\/pages\/1600"}],"collection":[{"href":"https:\/\/cacabelos.org\/turismo\/wp-json\/wp\/v2\/pages"}],"about":[{"href":"https:\/\/cacabelos.org\/turismo\/wp-json\/wp\/v2\/types\/page"}],"author":[{"embeddable":true,"href":"https:\/\/cacabelos.org\/turismo\/wp-json\/wp\/v2\/users\/2"}],"replies":[{"embeddable":true,"href":"https:\/\/cacabelos.org\/turismo\/wp-json\/wp\/v2\/comments?post=1600"}],"version-history":[{"count":17,"href":"https:\/\/cacabelos.org\/turismo\/wp-json\/wp\/v2\/pages\/1600\/revisions"}],"predecessor-version":[{"id":2084,"href":"https:\/\/cacabelos.org\/turismo\/wp-json\/wp\/v2\/pages\/1600\/revisions\/2084"}],"wp:attachment":[{"href":"https:\/\/cacabelos.org\/turismo\/wp-json\/wp\/v2\/media?parent=1600"}],"curies":[{"name":"wp","href":"https:\/\/api.w.org\/{rel}","templated":true}]}}