{"id":166,"date":"2021-12-29T12:12:41","date_gmt":"2021-12-29T11:12:41","guid":{"rendered":"https:\/\/www.cacabelos.org\/turismo\/?page_id=166"},"modified":"2022-02-09T13:25:41","modified_gmt":"2022-02-09T12:25:41","slug":"patrimonio-arqueologico","status":"publish","type":"page","link":"https:\/\/cacabelos.org\/turismo\/patrimonio-arqueologico\/","title":{"rendered":"Patrimonio Arqueol\u00f3gico"},"content":{"rendered":"<p>[et_pb_section fb_built=&#8221;1&#8243; admin_label=&#8221;que ver titulo&#8221; _builder_version=&#8221;4.9.4&#8243; _module_preset=&#8221;default&#8221; background_color=&#8221;#FFFFFF&#8221; background_enable_image=&#8221;off&#8221; min_height=&#8221;134.9px&#8221; height=&#8221;1000px&#8221; max_height=&#8221;108px&#8221;][et_pb_row _builder_version=&#8221;4.9.4&#8243; _module_preset=&#8221;default&#8221;][et_pb_column type=&#8221;4_4&#8243; _builder_version=&#8221;4.9.4&#8243; _module_preset=&#8221;default&#8221;][et_pb_text _builder_version=&#8221;4.9.4&#8243; _module_preset=&#8221;default&#8221; text_text_color=&#8221;#000000&#8243; text_orientation=&#8221;center&#8221; animation_style=&#8221;slide&#8221; animation_delay=&#8221;450ms&#8221; animation_starting_opacity=&#8221;7%&#8221;]<\/p>\n<h1 style=\"text-align: center;\"><strong>Qu\u00e9 ver\u00a0<\/strong><\/h1>\n<h2 style=\"text-align: center;\"><\/h2>\n<p>[\/et_pb_text][\/et_pb_column][\/et_pb_row][\/et_pb_section][et_pb_section fb_built=&#8221;1&#8243; admin_label=&#8221;Yacimiento Arqueol\u00f3gico de Castro Ventosa&#8221; _builder_version=&#8221;4.9.4&#8243; _module_preset=&#8221;default&#8221; background_image=&#8221;https:\/\/www.cacabelos.org\/turismo\/wp-content\/uploads\/2022\/01\/DSC8071-scaled.jpg&#8221; min_height=&#8221;135.9px&#8221; custom_margin=&#8221;|50px|10px|50px|false|false&#8221; link_option_url=&#8221;https:\/\/www.cacabelos.org\/turismo\/castro-ventosa\/&#8221; hover_enabled=&#8221;0&#8243; sticky_enabled=&#8221;0&#8243;][et_pb_row _builder_version=&#8221;4.9.4&#8243; _module_preset=&#8221;default&#8221;][et_pb_column type=&#8221;4_4&#8243; _builder_version=&#8221;4.9.4&#8243; _module_preset=&#8221;default&#8221;][et_pb_text _builder_version=&#8221;4.9.4&#8243; _module_preset=&#8221;default&#8221; custom_padding=&#8221;50px|||||&#8221;]<\/p>\n<h2 style=\"text-align: center;\"><strong><span style=\"color: #ffffff;\">Yacimiento Arqueol\u00f3gico de Castro Ventosa<\/span><\/strong><\/h2>\n<p>[\/et_pb_text][\/et_pb_column][\/et_pb_row][\/et_pb_section][et_pb_section fb_built=&#8221;1&#8243; admin_label=&#8221;La edrada &#8221; _builder_version=&#8221;4.9.4&#8243; _module_preset=&#8221;default&#8221; background_image=&#8221;https:\/\/www.cacabelos.org\/turismo\/wp-content\/uploads\/2022\/01\/la-edrada-1.jpg&#8221; min_height=&#8221;135.9px&#8221; custom_margin=&#8221;|50px|10px|50px|false|false&#8221; link_option_url=&#8221;https:\/\/www.cacabelos.org\/turismo\/la-edrada\/&#8221; hover_enabled=&#8221;0&#8243; sticky_enabled=&#8221;0&#8243;][et_pb_row _builder_version=&#8221;4.9.4&#8243; _module_preset=&#8221;default&#8221; hover_enabled=&#8221;0&#8243; link_option_url=&#8221;https:\/\/www.cacabelos.org\/turismo\/la-edrada\/&#8221; link_option_url_new_window=&#8221;on&#8221; admin_label=&#8221;EDRADA&#8221; sticky_enabled=&#8221;0&#8243;][et_pb_column type=&#8221;4_4&#8243; _builder_version=&#8221;4.9.4&#8243; _module_preset=&#8221;default&#8221;][et_pb_text _builder_version=&#8221;4.9.4&#8243; _module_preset=&#8221;default&#8221;]<\/p>\n<h1 style=\"text-align: center;\"><strong><span style=\"color: #ffffff;\">Yacimiento Arqueol\u00f3gico de la Edrada<\/span><\/strong><\/h1>\n<p>[\/et_pb_text][\/et_pb_column][\/et_pb_row][\/et_pb_section][et_pb_section fb_built=&#8221;1&#8243; admin_label=&#8221;Museo&#8221; _builder_version=&#8221;4.9.4&#8243; _module_preset=&#8221;default&#8221; background_image=&#8221;https:\/\/www.cacabelos.org\/turismo\/wp-content\/uploads\/2022\/01\/Marca_Cacabelos_010_R-scaled.jpg&#8221; min_height=&#8221;135.9px&#8221; custom_margin=&#8221;|50px|10px|50px|false|false&#8221; link_option_url=&#8221;https:\/\/www.cacabelos.org\/turismo\/museo\/&#8221; hover_enabled=&#8221;0&#8243; sticky_enabled=&#8221;0&#8243;][et_pb_row column_structure=&#8221;2_5,3_5&#8243; _builder_version=&#8221;4.9.4&#8243; _module_preset=&#8221;default&#8221;][et_pb_column type=&#8221;2_5&#8243; _builder_version=&#8221;4.9.4&#8243; _module_preset=&#8221;default&#8221;][et_pb_image src=&#8221;https:\/\/www.cacabelos.org\/turismo\/wp-content\/uploads\/2022\/01\/logo-MARCA-sin-sombra-300&#215;161.jpg&#8221; title_text=&#8221;logo MARCA sin sombra&#8221; _builder_version=&#8221;4.9.4&#8243; _module_preset=&#8221;default&#8221;][\/et_pb_image][\/et_pb_column][et_pb_column type=&#8221;3_5&#8243; _builder_version=&#8221;4.9.4&#8243; _module_preset=&#8221;default&#8221;][et_pb_text _builder_version=&#8221;4.9.4&#8243; _module_preset=&#8221;default&#8221; custom_padding=&#8221;0px|||||&#8221;]<\/p>\n<h1 style=\"text-align: center;\"><strong><span style=\"color: #ffffff;\">Museo Arqueol\u00f3gico\u00a0<\/span><\/strong><\/h1>\n<p>[\/et_pb_text][\/et_pb_column][\/et_pb_row][\/et_pb_section]<\/p>\n","protected":false},"excerpt":{"rendered":"<p>Qu\u00e9 ver\u00a0 Yacimiento Arqueol\u00f3gico de Castro VentosaYacimiento Arqueol\u00f3gico de la EdradaMuseo Arqueol\u00f3gico\u00a0<\/p>\n","protected":false},"author":1,"featured_media":0,"parent":0,"menu_order":0,"comment_status":"closed","ping_status":"closed","template":"","meta":{"_et_pb_use_builder":"on","_et_pb_old_content":"","_et_gb_content_width":""},"_links":{"self":[{"href":"https:\/\/cacabelos.org\/turismo\/wp-json\/wp\/v2\/pages\/166"}],"collection":[{"href":"https:\/\/cacabelos.org\/turismo\/wp-json\/wp\/v2\/pages"}],"about":[{"href":"https:\/\/cacabelos.org\/turismo\/wp-json\/wp\/v2\/types\/page"}],"author":[{"embeddable":true,"href":"https:\/\/cacabelos.org\/turismo\/wp-json\/wp\/v2\/users\/1"}],"replies":[{"embeddable":true,"href":"https:\/\/cacabelos.org\/turismo\/wp-json\/wp\/v2\/comments?post=166"}],"version-history":[{"count":21,"href":"https:\/\/cacabelos.org\/turismo\/wp-json\/wp\/v2\/pages\/166\/revisions"}],"predecessor-version":[{"id":1982,"href":"https:\/\/cacabelos.org\/turismo\/wp-json\/wp\/v2\/pages\/166\/revisions\/1982"}],"wp:attachment":[{"href":"https:\/\/cacabelos.org\/turismo\/wp-json\/wp\/v2\/media?parent=166"}],"curies":[{"name":"wp","href":"https:\/\/api.w.org\/{rel}","templated":true}]}}