{"id":1664,"date":"2022-01-30T13:14:43","date_gmt":"2022-01-30T12:14:43","guid":{"rendered":"https:\/\/www.cacabelos.org\/turismo\/?page_id=1664"},"modified":"2022-02-24T18:05:09","modified_gmt":"2022-02-24T17:05:09","slug":"folletos-2","status":"publish","type":"page","link":"https:\/\/cacabelos.org\/turismo\/folletos-2\/","title":{"rendered":"Folletos 2"},"content":{"rendered":"<p>[et_pb_section fb_built=&#8221;1&#8243; _builder_version=&#8221;4.9.4&#8243; _module_preset=&#8221;default&#8221; background_image=&#8221;https:\/\/www.cacabelos.org\/turismo\/wp-content\/uploads\/2022\/01\/Callejero-en-Pdf-u-pdf.jpg&#8221; height=&#8221;142px&#8221;][et_pb_row _builder_version=&#8221;4.9.4&#8243; _module_preset=&#8221;default&#8221;][et_pb_column type=&#8221;4_4&#8243; _builder_version=&#8221;4.9.4&#8243; _module_preset=&#8221;default&#8221;][et_pb_text _builder_version=&#8221;4.9.4&#8243; _module_preset=&#8221;default&#8221;]<\/p>\n<h1 style=\"text-align: right;\"><span style=\"color: #000000;\"><strong>Descargas\u00a0<\/strong><\/span><\/h1>\n<h3 style=\"text-align: right;\"><span style=\"color: #000000;\"><strong>Organiza tu viaje<\/strong><\/span><\/h3>\n<p>[\/et_pb_text][\/et_pb_column][\/et_pb_row][\/et_pb_section][et_pb_section fb_built=&#8221;1&#8243; _builder_version=&#8221;4.9.4&#8243; _module_preset=&#8221;default&#8221; custom_margin=&#8221;||189px|||&#8221;][et_pb_row column_structure=&#8221;1_4,3_4&#8243; _builder_version=&#8221;4.9.4&#8243; _module_preset=&#8221;default&#8221; hover_enabled=&#8221;0&#8243; sticky_enabled=&#8221;0&#8243;][et_pb_column type=&#8221;1_4&#8243; _builder_version=&#8221;4.9.4&#8243; _module_preset=&#8221;default&#8221;][et_pb_text _builder_version=&#8221;4.9.4&#8243; _module_preset=&#8221;default&#8221; custom_margin=&#8221;|||-83px||&#8221; custom_padding=&#8221;||4px|||&#8221; hover_enabled=&#8221;0&#8243; sticky_enabled=&#8221;0&#8243;]<\/p>\n<h4 style=\"text-align: left;\"><strong><\/strong><\/h4>\n<h4 style=\"text-align: left;\"><strong><\/strong><\/h4>\n<h4 style=\"text-align: left;\"><strong><\/strong><\/h4>\n<h4 style=\"text-align: left;\"><strong><\/strong><\/h4>\n<h4 style=\"text-align: left;\"><strong><\/strong><\/h4>\n<h4 style=\"text-align: left;\"><strong><\/strong><\/h4>\n<h4 style=\"text-align: left;\"><strong><\/strong><\/h4>\n<h4 style=\"text-align: left;\"><strong><\/strong><\/h4>\n<h4 style=\"text-align: left;\"><strong><\/strong><\/h4>\n<h4 style=\"text-align: left;\"><strong><\/strong><\/h4>\n<h4 style=\"text-align: left;\"><strong><\/strong><\/h4>\n<h4 style=\"text-align: left;\"><strong><\/strong><\/h4>\n<h4 style=\"text-align: left;\"><strong><\/strong><\/h4>\n<h4 style=\"text-align: left;\"><strong><\/strong><\/h4>\n<h4 style=\"text-align: left;\"><strong>DESCARGAS\u00a0<\/strong><\/h4>\n<p><a href=\"https:\/\/www.cacabelos.org\/turismo\/wp-content\/uploads\/2022\/02\/plano-turistico_espanol.pdf\" rel=\"attachment noopener wp-att-2209\" target=\"_blank\">Plano tur\u00edstico espa\u00f1ol<\/a><\/p>\n<p><a href=\"https:\/\/www.cacabelos.org\/turismo\/wp-content\/uploads\/2022\/02\/plano-turistico-web_ingles.pdf\" rel=\"attachment noopener wp-att-2211\" target=\"_blank\">Plano tur\u00edstico en ingl\u00e9s<\/a><\/p>\n<p><a href=\"https:\/\/www.cacabelos.org\/turismo\/wp-content\/uploads\/2022\/02\/plano-turistico-web_reverso_espanol.pdf\" rel=\"attachment noopener wp-att-2210\" target=\"_blank\">Folleto Cacabelos espa\u00f1ol<\/a><\/p>\n<p><a href=\"https:\/\/www.cacabelos.org\/turismo\/wp-content\/uploads\/2022\/02\/plano-turistico-web_reverso_ingles.pdf\" rel=\"attachment noopener wp-att-2212\" target=\"_blank\">Folleto Cacabelos ingl\u00e9s<\/a><\/p>\n<p><a href=\"https:\/\/www.cacabelos.org\/turismo\/wp-content\/uploads\/2022\/01\/Triptico.pdf\" rel=\"attachment noopener wp-att-643\" target=\"_blank\">Tr\u00edptico Camino Natural\u00a0<\/a><\/p>\n<p><a href=\"https:\/\/www.cacabelos.org\/turismo\/wp-content\/uploads\/2022\/01\/folleto_guia_marca-comprimido.pdf\" rel=\"attachment noopener wp-att-1033\" target=\"_blank\">Folleto_gu\u00eda museo, M.AR.CA<\/a><\/p>\n<p><a href=\"https:\/\/www.cacabelos.org\/turismo\/wp-content\/uploads\/2022\/01\/cacabelos_arqueologia-comprimido-1.pdf\" target=\"_blank\" rel=\"noopener\">Cacabelos_ Arqueol\u00f3gico<\/a><\/p>\n<p>&nbsp;<\/p>\n<p>[\/et_pb_text][\/et_pb_column][et_pb_column type=&#8221;3_4&#8243; _builder_version=&#8221;4.9.4&#8243; _module_preset=&#8221;default&#8221;][et_pb_image src=&#8221;https:\/\/www.cacabelos.org\/turismo\/wp-content\/uploads\/2022\/02\/Peregrinos_a_caballo_149_R-scaled.jpg&#8221; _builder_version=&#8221;4.9.4&#8243; _module_preset=&#8221;default&#8221; title_text=&#8221;Peregrinos_a_caballo_149_R&#8221; hover_enabled=&#8221;0&#8243; sticky_enabled=&#8221;0&#8243;][\/et_pb_image][\/et_pb_column][\/et_pb_row][\/et_pb_section]<\/p>\n","protected":false},"excerpt":{"rendered":"<p>Descargas\u00a0 Organiza tu viaje DESCARGAS\u00a0 Plano tur\u00edstico espa\u00f1ol Plano tur\u00edstico en ingl\u00e9s Folleto Cacabelos espa\u00f1ol Folleto Cacabelos ingl\u00e9s Tr\u00edptico Camino Natural\u00a0 Folleto_gu\u00eda museo, M.AR.CA Cacabelos_ Arqueol\u00f3gico &nbsp;<\/p>\n","protected":false},"author":1,"featured_media":0,"parent":0,"menu_order":0,"comment_status":"closed","ping_status":"closed","template":"","meta":{"_et_pb_use_builder":"on","_et_pb_old_content":"","_et_gb_content_width":""},"_links":{"self":[{"href":"https:\/\/cacabelos.org\/turismo\/wp-json\/wp\/v2\/pages\/1664"}],"collection":[{"href":"https:\/\/cacabelos.org\/turismo\/wp-json\/wp\/v2\/pages"}],"about":[{"href":"https:\/\/cacabelos.org\/turismo\/wp-json\/wp\/v2\/types\/page"}],"author":[{"embeddable":true,"href":"https:\/\/cacabelos.org\/turismo\/wp-json\/wp\/v2\/users\/1"}],"replies":[{"embeddable":true,"href":"https:\/\/cacabelos.org\/turismo\/wp-json\/wp\/v2\/comments?post=1664"}],"version-history":[{"count":12,"href":"https:\/\/cacabelos.org\/turismo\/wp-json\/wp\/v2\/pages\/1664\/revisions"}],"predecessor-version":[{"id":2506,"href":"https:\/\/cacabelos.org\/turismo\/wp-json\/wp\/v2\/pages\/1664\/revisions\/2506"}],"wp:attachment":[{"href":"https:\/\/cacabelos.org\/turismo\/wp-json\/wp\/v2\/media?parent=1664"}],"curies":[{"name":"wp","href":"https:\/\/api.w.org\/{rel}","templated":true}]}}