{"id":189,"date":"2021-12-29T12:09:42","date_gmt":"2021-12-29T11:09:42","guid":{"rendered":"https:\/\/www.cacabelos.org\/turismo\/?page_id=189"},"modified":"2022-05-18T11:54:12","modified_gmt":"2022-05-18T10:54:12","slug":"enoturismo","status":"publish","type":"page","link":"https:\/\/cacabelos.org\/turismo\/enoturismo\/","title":{"rendered":"Enoturismo"},"content":{"rendered":"<p>[et_pb_section bb_built=&#8221;1&#8243; _builder_version=&#8221;4.9.4&#8243; _module_preset=&#8221;default&#8221; background_image=&#8221;https:\/\/www.cacabelos.org\/turismo\/wp-content\/uploads\/2022\/01\/DSC6855-scaled.jpg&#8221; height=&#8221;185px&#8221; next_background_color=&#8221;#ffffff&#8221;][et_pb_row _builder_version=&#8221;4.9.4&#8243; _module_preset=&#8221;default&#8221;][et_pb_column type=&#8221;4_4&#8243; _builder_version=&#8221;4.9.4&#8243; _module_preset=&#8221;default&#8221;][et_pb_text _builder_version=&#8221;4.9.4&#8243; _module_preset=&#8221;default&#8221;]<\/p>\n<h1 style=\"text-align: right;\"><span style=\"color: #ffffff;\"><b>Enoturismo<\/b><\/span><\/h1>\n<h3 style=\"text-align: right;\"><span style=\"color: #ffffff;\"><strong>Donde comprar vino<\/strong><\/span><\/h3>\n<p>[\/et_pb_text][\/et_pb_column][\/et_pb_row][\/et_pb_section][et_pb_section bb_built=&#8221;1&#8243; _builder_version=&#8221;4.9.4&#8243; _module_preset=&#8221;default&#8221; custom_margin=&#8221;||189px|||&#8221; prev_background_color=&#8221;#000000&#8243; next_background_color=&#8221;#000000&#8243;][et_pb_row column_structure=&#8221;1_2,1_2&#8243; _builder_version=&#8221;4.9.4&#8243; _module_preset=&#8221;default&#8221;][et_pb_column type=&#8221;1_2&#8243; _builder_version=&#8221;4.9.4&#8243; _module_preset=&#8221;default&#8221;][et_pb_text _builder_version=&#8221;4.14.8&#8243; _module_preset=&#8221;default&#8221; width=&#8221;122.6%&#8221; custom_margin=&#8221;|||-83px||&#8221; custom_padding=&#8221;||4px|||&#8221; text_text_shadow_horizontal_length=&#8221;text_text_shadow_style,%91object Object%93&#8243; text_text_shadow_horizontal_length_tablet=&#8221;0px&#8221; text_text_shadow_vertical_length=&#8221;text_text_shadow_style,%91object Object%93&#8243; text_text_shadow_vertical_length_tablet=&#8221;0px&#8221; text_text_shadow_blur_strength=&#8221;text_text_shadow_style,%91object Object%93&#8243; text_text_shadow_blur_strength_tablet=&#8221;1px&#8221; link_text_shadow_horizontal_length=&#8221;link_text_shadow_style,%91object Object%93&#8243; link_text_shadow_horizontal_length_tablet=&#8221;0px&#8221; link_text_shadow_vertical_length=&#8221;link_text_shadow_style,%91object Object%93&#8243; link_text_shadow_vertical_length_tablet=&#8221;0px&#8221; link_text_shadow_blur_strength=&#8221;link_text_shadow_style,%91object Object%93&#8243; link_text_shadow_blur_strength_tablet=&#8221;1px&#8221; ul_text_shadow_horizontal_length=&#8221;ul_text_shadow_style,%91object Object%93&#8243; ul_text_shadow_horizontal_length_tablet=&#8221;0px&#8221; ul_text_shadow_vertical_length=&#8221;ul_text_shadow_style,%91object Object%93&#8243; ul_text_shadow_vertical_length_tablet=&#8221;0px&#8221; ul_text_shadow_blur_strength=&#8221;ul_text_shadow_style,%91object Object%93&#8243; ul_text_shadow_blur_strength_tablet=&#8221;1px&#8221; ol_text_shadow_horizontal_length=&#8221;ol_text_shadow_style,%91object Object%93&#8243; ol_text_shadow_horizontal_length_tablet=&#8221;0px&#8221; ol_text_shadow_vertical_length=&#8221;ol_text_shadow_style,%91object Object%93&#8243; ol_text_shadow_vertical_length_tablet=&#8221;0px&#8221; ol_text_shadow_blur_strength=&#8221;ol_text_shadow_style,%91object Object%93&#8243; ol_text_shadow_blur_strength_tablet=&#8221;1px&#8221; quote_text_shadow_horizontal_length=&#8221;quote_text_shadow_style,%91object Object%93&#8243; quote_text_shadow_horizontal_length_tablet=&#8221;0px&#8221; quote_text_shadow_vertical_length=&#8221;quote_text_shadow_style,%91object Object%93&#8243; quote_text_shadow_vertical_length_tablet=&#8221;0px&#8221; quote_text_shadow_blur_strength=&#8221;quote_text_shadow_style,%91object Object%93&#8243; quote_text_shadow_blur_strength_tablet=&#8221;1px&#8221; header_text_shadow_horizontal_length=&#8221;header_text_shadow_style,%91object Object%93&#8243; header_text_shadow_horizontal_length_tablet=&#8221;0px&#8221; header_text_shadow_vertical_length=&#8221;header_text_shadow_style,%91object Object%93&#8243; header_text_shadow_vertical_length_tablet=&#8221;0px&#8221; header_text_shadow_blur_strength=&#8221;header_text_shadow_style,%91object Object%93&#8243; header_text_shadow_blur_strength_tablet=&#8221;1px&#8221; header_2_text_shadow_horizontal_length=&#8221;header_2_text_shadow_style,%91object Object%93&#8243; header_2_text_shadow_horizontal_length_tablet=&#8221;0px&#8221; header_2_text_shadow_vertical_length=&#8221;header_2_text_shadow_style,%91object Object%93&#8243; header_2_text_shadow_vertical_length_tablet=&#8221;0px&#8221; header_2_text_shadow_blur_strength=&#8221;header_2_text_shadow_style,%91object Object%93&#8243; header_2_text_shadow_blur_strength_tablet=&#8221;1px&#8221; header_3_text_shadow_horizontal_length=&#8221;header_3_text_shadow_style,%91object Object%93&#8243; header_3_text_shadow_horizontal_length_tablet=&#8221;0px&#8221; header_3_text_shadow_vertical_length=&#8221;header_3_text_shadow_style,%91object Object%93&#8243; header_3_text_shadow_vertical_length_tablet=&#8221;0px&#8221; header_3_text_shadow_blur_strength=&#8221;header_3_text_shadow_style,%91object Object%93&#8243; header_3_text_shadow_blur_strength_tablet=&#8221;1px&#8221; header_4_text_shadow_horizontal_length=&#8221;header_4_text_shadow_style,%91object Object%93&#8243; header_4_text_shadow_horizontal_length_tablet=&#8221;0px&#8221; header_4_text_shadow_vertical_length=&#8221;header_4_text_shadow_style,%91object Object%93&#8243; header_4_text_shadow_vertical_length_tablet=&#8221;0px&#8221; header_4_text_shadow_blur_strength=&#8221;header_4_text_shadow_style,%91object Object%93&#8243; header_4_text_shadow_blur_strength_tablet=&#8221;1px&#8221; header_5_text_shadow_horizontal_length=&#8221;header_5_text_shadow_style,%91object Object%93&#8243; header_5_text_shadow_horizontal_length_tablet=&#8221;0px&#8221; header_5_text_shadow_vertical_length=&#8221;header_5_text_shadow_style,%91object Object%93&#8243; header_5_text_shadow_vertical_length_tablet=&#8221;0px&#8221; header_5_text_shadow_blur_strength=&#8221;header_5_text_shadow_style,%91object Object%93&#8243; header_5_text_shadow_blur_strength_tablet=&#8221;1px&#8221; header_6_text_shadow_horizontal_length=&#8221;header_6_text_shadow_style,%91object Object%93&#8243; header_6_text_shadow_horizontal_length_tablet=&#8221;0px&#8221; header_6_text_shadow_vertical_length=&#8221;header_6_text_shadow_style,%91object Object%93&#8243; header_6_text_shadow_vertical_length_tablet=&#8221;0px&#8221; header_6_text_shadow_blur_strength=&#8221;header_6_text_shadow_style,%91object Object%93&#8243; header_6_text_shadow_blur_strength_tablet=&#8221;1px&#8221; box_shadow_horizontal_tablet=&#8221;0px&#8221; box_shadow_vertical_tablet=&#8221;0px&#8221; box_shadow_blur_tablet=&#8221;40px&#8221; box_shadow_spread_tablet=&#8221;0px&#8221; vertical_offset_tablet=&#8221;0&#8243; horizontal_offset_tablet=&#8221;0&#8243; z_index_tablet=&#8221;0&#8243;]<\/p>\n<h4 style=\"text-align: left;\">\u00a0<\/h4>\n<p style=\"text-align: justify;\">El sector vitivin\u00edcola en Cacabelos era ya importante hace 2000 a\u00f1os. Los romanos impulsaron el cultivo de la vid y tuvo su expansi\u00f3n vinculado al desarrollo de los monasterios medievales, por lo que, el vino ocupa, desde hace\u00a0 siglos, un papel destacado en la vida econ\u00f3mica y cultural del municipio.<\/p>\n<p style=\"text-align: justify;\">En Cacabelos nacieron las m\u00e1s renombradas bodegas bercianas; aqu\u00ed se construy\u00f3 la primera y la m\u00e1s grande de las cooperativas vin\u00edcolas del Bierzo. Cacabelos es sede desde 1989 del Consejo Regulador Denominaci\u00f3n de Origen Bierzo. Adem\u00e1s, es socio fundador de Enoturismo en el Bierzo <strong><a href=\"https:\/\/bierzoenoturismo.com\/\" target=\"_blank\" rel=\"noopener\">www.bierzoenoturismo.com <\/a><\/strong>y pertenece desde hace m\u00e1s de 20 a\u00f1os a Acevin (Asociaci\u00f3n de ciudades del vino de Espa\u00f1a).<\/p>\n<h2 style=\"text-align: center;\"><span style=\"color: #993366;\"><strong>Donde comprar vino. <\/strong><\/span><\/h2>\n<ol>\n<li style=\"text-align: center;\"><strong>Bodegas Godelia, SL <\/strong><\/li>\n<\/ol>\n<p style=\"text-align: center;\">Tel\u00e9fono:\u00a0987 546 279 Web:<a href=\"https:\/\/www.godelia.es\/\" target=\"_blank\" rel=\"noopener\">\u00a0www.godelia.es<\/a><\/p>\n<p style=\"text-align: center;\"><span style=\"color: #993366;\"><strong>Enoturismo<\/strong><\/span>: 987546279<\/p>\n<ol style=\"text-align: center;\" start=\"2\">\n<li><strong>Bodegas y vi\u00f1edos Bergidenses, S.A.T<\/strong><\/li>\n<\/ol>\n<p style=\"text-align: center;\">Tel\u00e9fono:\u00a0987 546 725 \/ 606 503 203 Web:\u00a0<a href=\"http:\/\/www.bergidenses.com\/\" target=\"_blank\" rel=\"noopener\">www.bergidenses.com<\/a><\/p>\n<ol style=\"text-align: center;\" start=\"3\">\n<li><strong>Losada vinos de finca S.A<\/strong><\/li>\n<\/ol>\n<p style=\"text-align: center;\">Tel\u00e9fono:\u00a0987 548 053 Web:\u00a0<a href=\"http:\/\/www.losadavinosdefinca.com\/\" target=\"_blank\" rel=\"noopener\">www.losadavinosdefinca.com<\/a><\/p>\n<p style=\"text-align: center;\"><span style=\"color: #993366;\"><strong>Enoturismo:<\/strong><\/span> 987548053<\/p>\n<ol style=\"text-align: center;\" start=\"4\">\n<li><strong>Teij\u00f3n San Miguel, S.l<\/strong><\/li>\n<\/ol>\n<p style=\"text-align: center;\">Tel\u00e9fono:\u00a0641 230 901 \/ 676 169 539 Web:\u00a0<a href=\"http:\/\/www.primusbergidum.com\/\" target=\"_blank\" rel=\"noopener\">www.primusbergidum.com<\/a><\/p>\n<ol style=\"text-align: center;\" start=\"5\">\n<li><strong>Bodegas Cuatro Pasos\u00a0<\/strong><\/li>\n<\/ol>\n<p style=\"text-align: center;\">Tel\u00e9fono:\u00a0987 548 089 Web:\u00a0<a href=\"http:\/\/www.cuatropasos.es\/\" target=\"_blank\" rel=\"noopener\">www.cuatropasos.es<\/a><\/p>\n<ol style=\"text-align: center;\" start=\"6\">\n<li><strong>Bodegas y vi\u00f1edos Luna Beberide, S.L<\/strong><\/li>\n<\/ol>\n<p style=\"text-align: center;\">Tel\u00e9fono:\u00a0987 549 002 \/ 605 723 551 Web:\u00a0<a href=\"http:\/\/www.lunabeberide.es\/\" target=\"_blank\" rel=\"noopener\">www.lunabeberide.es<\/a><\/p>\n<ol style=\"text-align: center;\" start=\"7\">\n<li><strong>Ribas del C\u00faa, S.A <\/strong><\/li>\n<\/ol>\n<p style=\"text-align: center;\">Tel\u00e9fono:\u00a0987 971 017 Web:\u00a0<a href=\"http:\/\/www.ribasdelcua.com\/\" target=\"_blank\" rel=\"noopener\">www.ribasdelcua.com<\/a><\/p>\n<ol style=\"text-align: center;\" start=\"8\">\n<li><strong>Vinos Guerra- Vinos del Bierzo, S.COOP<\/strong><\/li>\n<\/ol>\n<p style=\"text-align: center;\">Tel\u00e9fono:\u00a0987 546 150 Web:\u00a0<a href=\"http:\/\/www.vinosguerra.com\/\" target=\"_blank\" rel=\"noopener\">www.vinosguerra.com<\/a><\/p>\n<ol style=\"text-align: center;\" start=\"9\">\n<li><strong>Bodegas y vi\u00f1edos Gancedo, S.L<\/strong><\/li>\n<\/ol>\n<p style=\"text-align: center;\">Tel\u00e9fono:\u00a0987 134 980 \/ 673 265 953 Web:\u00a0<a href=\"http:\/\/www.bodegasgancedo.com\/\" target=\"_blank\" rel=\"noopener\">www.bodegasgancedo.com<\/a><\/p>\n<p style=\"text-align: center;\"><span style=\"color: #993366;\"><strong>Enoturismo:<\/strong> <\/span>987134980<\/p>\n<ol style=\"text-align: center;\" start=\"10\">\n<li><strong>Soto del Vicario\u00a0 \u00a0 \u00a0 \u00a0 \u00a0 \u00a0 \u00a0 \u00a0 \u00a0 \u00a0 \u00a0 \u00a0 \u00a0 \u00a0\u00a0<\/strong><\/li>\n<\/ol>\n<p style=\"text-align: center;\">Tel\u00e9fono:\u00a0670 983 534 Web:\u00a0<a href=\"http:\/\/www.pagodelvicario.com\/sotodelvicario\" target=\"_blank\" rel=\"noopener\">www.pagodelvicario.com\/sotodelvicario\u00a0<\/a><\/p>\n<ol style=\"text-align: center;\" start=\"11\">\n<li><strong>Moncloa de San L\u00e1zaro (tienda) <\/strong><\/li>\n<\/ol>\n<p style=\"text-align: center;\">Tel\u00e9fono: 987546101<\/p>\n<p style=\"text-align: center;\">Web:<a href=\"http:\/\/www.primusbergidum.com\/\" target=\"_blank\" rel=\"noopener\">www.moncloadesanlazaro.com\/palloza-tienda\/\u00a0<\/a><\/p>\n<p>\u00a0 \u00a0 \u00a0 \u00a0<\/p>\n<p>[\/et_pb_text][\/et_pb_column][et_pb_column type=&#8221;1_2&#8243; _builder_version=&#8221;4.9.4&#8243; _module_preset=&#8221;default&#8221;][et_pb_image src=&#8221;https:\/\/www.cacabelos.org\/turismo\/wp-content\/uploads\/2022\/01\/Godelia_Vendimia_RAW_0464_R-scaled.jpg&#8221; title_text=&#8221;Vendimia&#8221; align=&#8221;center&#8221; _builder_version=&#8221;4.9.4&#8243; _module_preset=&#8221;default&#8221; width=&#8221;84%&#8221; module_alignment=&#8221;center&#8221; height=&#8221;357px&#8221; custom_margin=&#8221;|50px||18px|false|false&#8221;]<\/p>\n<p>[\/et_pb_image][et_pb_image src=&#8221;https:\/\/www.cacabelos.org\/turismo\/wp-content\/uploads\/2022\/01\/Finca_Losada_065_R-scaled.jpg&#8221; title_text=&#8221;Finca_Losada_065_R&#8221; align=&#8221;right&#8221; _builder_version=&#8221;4.9.4&#8243; _module_preset=&#8221;default&#8221; height=&#8221;216px&#8221; custom_margin=&#8221;|50px||18px|false|false&#8221;]<\/p>\n<p>[\/et_pb_image][et_pb_image src=&#8221;https:\/\/www.cacabelos.org\/turismo\/wp-content\/uploads\/2022\/01\/IMG_6489-1-scaled.jpg&#8221; title_text=&#8221;IMG_6489&#8243; _builder_version=&#8221;4.9.4&#8243; _module_preset=&#8221;default&#8221; width=&#8221;79%&#8221; module_alignment=&#8221;center&#8221; height=&#8221;216px&#8221; custom_margin=&#8221;|50px||18px|false|false&#8221;]<\/p>\n<p>[\/et_pb_image][et_pb_image src=&#8221;https:\/\/www.cacabelos.org\/turismo\/wp-content\/uploads\/2022\/01\/DSC8129-scaled.jpg&#8221; title_text=&#8221;_DSC8129&#8243; align=&#8221;center&#8221; _builder_version=&#8221;4.9.4&#8243; _module_preset=&#8221;default&#8221; height=&#8221;216px&#8221; custom_margin=&#8221;|50px||18px|false|false&#8221;]<\/p>\n<p>[\/et_pb_image][et_pb_image src=&#8221;https:\/\/www.cacabelos.org\/turismo\/wp-content\/uploads\/2022\/01\/A0006890-scaled.jpg&#8221; title_text=&#8221;A0006890&#8243; align=&#8221;center&#8221; _builder_version=&#8221;4.9.4&#8243; _module_preset=&#8221;default&#8221; height=&#8221;216px&#8221; custom_margin=&#8221;|50px||18px|false|false&#8221;]<\/p>\n<p>[\/et_pb_image][et_pb_image src=&#8221;https:\/\/www.cacabelos.org\/turismo\/wp-content\/uploads\/2022\/01\/Bodegas_4Pasos_039_R-scaled.jpg&#8221; title_text=&#8221;Bodegas_4Pasos_039_R&#8221; align=&#8221;center&#8221; _builder_version=&#8221;4.9.4&#8243; _module_preset=&#8221;default&#8221; module_alignment=&#8221;center&#8221; min_height=&#8221;370px&#8221; height=&#8221;216px&#8221; custom_margin=&#8221;|50px||18px|false|false&#8221;]<\/p>\n<p>[\/et_pb_image][\/et_pb_column][\/et_pb_row][\/et_pb_section][et_pb_section bb_built=&#8221;1&#8243; _builder_version=&#8221;4.9.4&#8243; _module_preset=&#8221;default&#8221; custom_margin=&#8221;-300px||||false|false&#8221; prev_background_color=&#8221;#000000&#8243;][et_pb_row column_structure=&#8221;1_4,1_4,1_4,1_4&#8243; _builder_version=&#8221;4.9.4&#8243; _module_preset=&#8221;default&#8221;][et_pb_column type=&#8221;1_4&#8243; _builder_version=&#8221;4.9.4&#8243; _module_preset=&#8221;default&#8221;][et_pb_image src=&#8221;https:\/\/www.cacabelos.org\/turismo\/wp-content\/uploads\/2022\/01\/logo-enoturismo-cultura-del-vino-1.jpg&#8221; url=&#8221;https:\/\/bierzoenoturismo.com\/&#8221; _builder_version=&#8221;4.9.4&#8243; _module_preset=&#8221;default&#8221;]<\/p>\n<p>[\/et_pb_image][\/et_pb_column][et_pb_column type=&#8221;1_4&#8243; _builder_version=&#8221;4.9.4&#8243; _module_preset=&#8221;default&#8221;][et_pb_image src=&#8221;https:\/\/www.cacabelos.org\/turismo\/wp-content\/uploads\/2022\/01\/acevin-dark-logo.png&#8221; title_text=&#8221;acevin-dark-logo&#8221; url=&#8221;https:\/\/www.acevin.es\/&#8221; _builder_version=&#8221;4.9.4&#8243; _module_preset=&#8221;default&#8221;]<\/p>\n<p>[\/et_pb_image][\/et_pb_column][et_pb_column type=&#8221;1_4&#8243; _builder_version=&#8221;4.9.4&#8243; _module_preset=&#8221;default&#8221;][et_pb_image src=&#8221;https:\/\/www.cacabelos.org\/turismo\/wp-content\/uploads\/2022\/01\/Logo-recevin_web.png&#8221; title_text=&#8221;Logo-recevin_web&#8221; _builder_version=&#8221;4.9.4&#8243; _module_preset=&#8221;default&#8221;]<\/p>\n<p>[\/et_pb_image][\/et_pb_column][et_pb_column type=&#8221;1_4&#8243; _builder_version=&#8221;4.9.4&#8243; _module_preset=&#8221;default&#8221;][et_pb_image src=&#8221;https:\/\/www.cacabelos.org\/turismo\/wp-content\/uploads\/2022\/01\/tutas-de-espana.png&#8221; title_text=&#8221;tutas de espa\u00f1a&#8221; url=&#8221;https:\/\/wineroutesofspain.com\/&#8221; _builder_version=&#8221;4.9.4&#8243; _module_preset=&#8221;default&#8221;]<\/p>\n<p>[\/et_pb_image][\/et_pb_column][\/et_pb_row][\/et_pb_section]<\/p>\n","protected":false},"excerpt":{"rendered":"<p>Enoturismo Donde comprar vino \u00a0El sector vitivin\u00edcola en Cacabelos era ya importante hace 2000 a\u00f1os. Los romanos impulsaron el cultivo de la vid y tuvo su expansi\u00f3n vinculado al desarrollo de los monasterios medievales, por lo que, el vino ocupa, desde hace\u00a0 siglos, un papel destacado en la vida econ\u00f3mica y cultural del municipio.En Cacabelos [&hellip;]<\/p>\n","protected":false},"author":1,"featured_media":0,"parent":0,"menu_order":0,"comment_status":"closed","ping_status":"closed","template":"","meta":{"_et_pb_use_builder":"on","_et_pb_old_content":"","_et_gb_content_width":""},"_links":{"self":[{"href":"https:\/\/cacabelos.org\/turismo\/wp-json\/wp\/v2\/pages\/189"}],"collection":[{"href":"https:\/\/cacabelos.org\/turismo\/wp-json\/wp\/v2\/pages"}],"about":[{"href":"https:\/\/cacabelos.org\/turismo\/wp-json\/wp\/v2\/types\/page"}],"author":[{"embeddable":true,"href":"https:\/\/cacabelos.org\/turismo\/wp-json\/wp\/v2\/users\/1"}],"replies":[{"embeddable":true,"href":"https:\/\/cacabelos.org\/turismo\/wp-json\/wp\/v2\/comments?post=189"}],"version-history":[{"count":15,"href":"https:\/\/cacabelos.org\/turismo\/wp-json\/wp\/v2\/pages\/189\/revisions"}],"predecessor-version":[{"id":2789,"href":"https:\/\/cacabelos.org\/turismo\/wp-json\/wp\/v2\/pages\/189\/revisions\/2789"}],"wp:attachment":[{"href":"https:\/\/cacabelos.org\/turismo\/wp-json\/wp\/v2\/media?parent=189"}],"curies":[{"name":"wp","href":"https:\/\/api.w.org\/{rel}","templated":true}]}}