{"id":315,"date":"2022-01-13T20:43:23","date_gmt":"2022-01-13T19:43:23","guid":{"rendered":"https:\/\/www.cacabelos.org\/turismo\/?page_id=315"},"modified":"2026-04-09T14:26:10","modified_gmt":"2026-04-09T13:26:10","slug":"rutas-de-los-molinos","status":"publish","type":"page","link":"https:\/\/cacabelos.org\/turismo\/rutas-de-los-molinos\/","title":{"rendered":"Rutas de los Molinos"},"content":{"rendered":"<p>[et_pb_section bb_built=&#8221;1&#8243; _builder_version=&#8221;4.9.4&#8243; _module_preset=&#8221;default&#8221;][et_pb_row _builder_version=&#8221;4.9.4&#8243; _module_preset=&#8221;default&#8221;][et_pb_column type=&#8221;4_4&#8243; _builder_version=&#8221;4.9.4&#8243; _module_preset=&#8221;default&#8221;][et_pb_post_title admin_label=&#8221;t\u00edtulo Ruta de los Molinos &#8221; featured_placement=&#8221;above&#8221; _builder_version=&#8221;4.9.4&#8243; _module_preset=&#8221;default&#8221; text_orientation=&#8221;center&#8221; box_shadow_style=&#8221;preset6&#8243;]<\/p>\n<p><\/p>\n<p>[\/et_pb_post_title][et_pb_text admin_label=&#8221;Descripci\u00f3n Ruta de  los molinos&#8221; _builder_version=&#8221;4.14.8&#8243; _module_preset=&#8221;default&#8221; module_alignment=&#8221;right&#8221; hover_enabled=&#8221;0&#8243; sticky_enabled=&#8221;0&#8243; text_text_shadow_horizontal_length=&#8221;text_text_shadow_style,%91object Object%93&#8243; text_text_shadow_horizontal_length_tablet=&#8221;0px&#8221; text_text_shadow_vertical_length=&#8221;text_text_shadow_style,%91object Object%93&#8243; text_text_shadow_vertical_length_tablet=&#8221;0px&#8221; text_text_shadow_blur_strength=&#8221;text_text_shadow_style,%91object Object%93&#8243; text_text_shadow_blur_strength_tablet=&#8221;1px&#8221; link_text_shadow_horizontal_length=&#8221;link_text_shadow_style,%91object Object%93&#8243; link_text_shadow_horizontal_length_tablet=&#8221;0px&#8221; link_text_shadow_vertical_length=&#8221;link_text_shadow_style,%91object Object%93&#8243; link_text_shadow_vertical_length_tablet=&#8221;0px&#8221; link_text_shadow_blur_strength=&#8221;link_text_shadow_style,%91object Object%93&#8243; link_text_shadow_blur_strength_tablet=&#8221;1px&#8221; ul_text_shadow_horizontal_length=&#8221;ul_text_shadow_style,%91object Object%93&#8243; ul_text_shadow_horizontal_length_tablet=&#8221;0px&#8221; ul_text_shadow_vertical_length=&#8221;ul_text_shadow_style,%91object Object%93&#8243; ul_text_shadow_vertical_length_tablet=&#8221;0px&#8221; ul_text_shadow_blur_strength=&#8221;ul_text_shadow_style,%91object Object%93&#8243; ul_text_shadow_blur_strength_tablet=&#8221;1px&#8221; ol_text_shadow_horizontal_length=&#8221;ol_text_shadow_style,%91object Object%93&#8243; ol_text_shadow_horizontal_length_tablet=&#8221;0px&#8221; ol_text_shadow_vertical_length=&#8221;ol_text_shadow_style,%91object Object%93&#8243; ol_text_shadow_vertical_length_tablet=&#8221;0px&#8221; ol_text_shadow_blur_strength=&#8221;ol_text_shadow_style,%91object Object%93&#8243; ol_text_shadow_blur_strength_tablet=&#8221;1px&#8221; quote_text_shadow_horizontal_length=&#8221;quote_text_shadow_style,%91object Object%93&#8243; quote_text_shadow_horizontal_length_tablet=&#8221;0px&#8221; quote_text_shadow_vertical_length=&#8221;quote_text_shadow_style,%91object Object%93&#8243; quote_text_shadow_vertical_length_tablet=&#8221;0px&#8221; quote_text_shadow_blur_strength=&#8221;quote_text_shadow_style,%91object Object%93&#8243; quote_text_shadow_blur_strength_tablet=&#8221;1px&#8221; header_text_shadow_horizontal_length=&#8221;header_text_shadow_style,%91object Object%93&#8243; header_text_shadow_horizontal_length_tablet=&#8221;0px&#8221; header_text_shadow_vertical_length=&#8221;header_text_shadow_style,%91object Object%93&#8243; header_text_shadow_vertical_length_tablet=&#8221;0px&#8221; header_text_shadow_blur_strength=&#8221;header_text_shadow_style,%91object Object%93&#8243; header_text_shadow_blur_strength_tablet=&#8221;1px&#8221; header_2_text_shadow_horizontal_length=&#8221;header_2_text_shadow_style,%91object Object%93&#8243; header_2_text_shadow_horizontal_length_tablet=&#8221;0px&#8221; header_2_text_shadow_vertical_length=&#8221;header_2_text_shadow_style,%91object Object%93&#8243; header_2_text_shadow_vertical_length_tablet=&#8221;0px&#8221; header_2_text_shadow_blur_strength=&#8221;header_2_text_shadow_style,%91object Object%93&#8243; header_2_text_shadow_blur_strength_tablet=&#8221;1px&#8221; header_3_text_shadow_horizontal_length=&#8221;header_3_text_shadow_style,%91object Object%93&#8243; header_3_text_shadow_horizontal_length_tablet=&#8221;0px&#8221; header_3_text_shadow_vertical_length=&#8221;header_3_text_shadow_style,%91object Object%93&#8243; header_3_text_shadow_vertical_length_tablet=&#8221;0px&#8221; header_3_text_shadow_blur_strength=&#8221;header_3_text_shadow_style,%91object Object%93&#8243; header_3_text_shadow_blur_strength_tablet=&#8221;1px&#8221; header_4_text_shadow_horizontal_length=&#8221;header_4_text_shadow_style,%91object Object%93&#8243; header_4_text_shadow_horizontal_length_tablet=&#8221;0px&#8221; header_4_text_shadow_vertical_length=&#8221;header_4_text_shadow_style,%91object Object%93&#8243; header_4_text_shadow_vertical_length_tablet=&#8221;0px&#8221; header_4_text_shadow_blur_strength=&#8221;header_4_text_shadow_style,%91object Object%93&#8243; header_4_text_shadow_blur_strength_tablet=&#8221;1px&#8221; header_5_text_shadow_horizontal_length=&#8221;header_5_text_shadow_style,%91object Object%93&#8243; header_5_text_shadow_horizontal_length_tablet=&#8221;0px&#8221; header_5_text_shadow_vertical_length=&#8221;header_5_text_shadow_style,%91object Object%93&#8243; header_5_text_shadow_vertical_length_tablet=&#8221;0px&#8221; header_5_text_shadow_blur_strength=&#8221;header_5_text_shadow_style,%91object Object%93&#8243; header_5_text_shadow_blur_strength_tablet=&#8221;1px&#8221; header_6_text_shadow_horizontal_length=&#8221;header_6_text_shadow_style,%91object Object%93&#8243; header_6_text_shadow_horizontal_length_tablet=&#8221;0px&#8221; header_6_text_shadow_vertical_length=&#8221;header_6_text_shadow_style,%91object Object%93&#8243; header_6_text_shadow_vertical_length_tablet=&#8221;0px&#8221; header_6_text_shadow_blur_strength=&#8221;header_6_text_shadow_style,%91object Object%93&#8243; header_6_text_shadow_blur_strength_tablet=&#8221;1px&#8221; box_shadow_horizontal_tablet=&#8221;0px&#8221; box_shadow_vertical_tablet=&#8221;0px&#8221; box_shadow_blur_tablet=&#8221;40px&#8221; box_shadow_spread_tablet=&#8221;0px&#8221; vertical_offset_tablet=&#8221;0&#8243; horizontal_offset_tablet=&#8221;0&#8243; z_index_tablet=&#8221;0&#8243;]<\/p>\n<p><strong>RUTA DE LOS MOLINOS HIDRA\u00daLICOS DEL MUNICIPIO DE CACABELOS<\/strong><\/p>\n<p style=\"text-align: right;\"><a href=\"https:\/\/www.cacabelos.org\/turismo\/rutas-de-los-molinos\/mapa2-molinos\/\"><img loading=\"lazy\" class=\"wp-image-674 alignnone size-full\" src=\"https:\/\/www.cacabelos.org\/turismo\/wp-content\/uploads\/2022\/01\/mapa2-molinos.png\" alt=\"\" width=\"1077\" height=\"849\" srcset=\"https:\/\/www.cacabelos.org\/turismo\/wp-content\/uploads\/2022\/01\/mapa2-molinos.png 1077w, https:\/\/www.cacabelos.org\/turismo\/wp-content\/uploads\/2022\/01\/mapa2-molinos-980x773.png 980w, https:\/\/www.cacabelos.org\/turismo\/wp-content\/uploads\/2022\/01\/mapa2-molinos-480x378.png 480w\" sizes=\"(min-width: 0px) and (max-width: 480px) 480px, (min-width: 481px) and (max-width: 980px) 980px, (min-width: 981px) 1077px, 100vw\" \/><\/a>\u00a0MAPA DE LA RUTA<\/p>\n<p style=\"text-align: justify;\">Los pueblos del territorio del municipio de Cacabelos nacieron en torno a la arter\u00eda del r\u00edo C\u00faa y tienen su origen en la Edad Antigua, apareciendo nombrados por primera vez con sus nombres en el siglo X,\u00a0 Alta y Baja Media<em>: Cacavillos, Quilous, Vilabonna, Peneyros, Arborebonna \u00a0y San Mart\u00edn de Santa Olaya (<\/em>hoy barrio de la Edrada).<\/p>\n<p style=\"text-align: justify;\">Desde la lejana prehistoria la molienda \u00a0fue realizada exclusivamente\u00a0 con fuerza humana hasta el descubrimiento de la fuerza hidr\u00e1ulica hace 5.000 en Mesopotamia que se extender\u00eda por Occidente a trav\u00e9s de Grecia y Roma. En nuestro territorio tenemos constancia de su uso desde\u00a0 la Edad Media molineros y aserradores constituyendo una aut\u00e9ntica revoluci\u00f3n tecnol\u00f3gica comparable a la el\u00e9ctrica del siglo XX. Como ejemplo, si dos personas mol\u00edan en una hora cinco Kg. de cereal a mano, una rueda hidr\u00e1ulica mol\u00eda \u00a0180 kg.<\/p>\n<p style=\"text-align: justify;\">El agua como elemento fundamental de la vida es en esta senda de LOS MOLINOS \u00a0el motor de los HARINEROS HIDR\u00c1ULICOS DE CANAL y manifiesta \u00a0la importancia econ\u00f3mica en el pasado. Los molinos forman un conjunto de seis edificaciones cuya construcci\u00f3n alberga el propio molino, la vivienda y el almac\u00e9n..<\/p>\n<p style=\"text-align: justify;\">La tipolog\u00eda general del molino era el hidr\u00e1ulico de canal, el cual necesitaba de una presa r\u00edo arriba y un canal de tra\u00edda de agua para ejercer de fuerza hidr\u00e1ulica en la muela de piedra. Estos enclaves estrat\u00e9gicamente situados daban cobijo a la familia molinera que adem\u00e1s ten\u00eda una explotaci\u00f3n agr\u00edcola y ganadera en su finca.<\/p>\n<p style=\"text-align: justify;\">El agua llega del r\u00edo desde una presa o azud por el \u00a0canal, \u00a0llamadas tambi\u00e9n pesas de molino cuyo aporte genera el movimiento sobre la rueda y esta a trav\u00e9s de un eje mueve las muelas de piedra que trituran el grano del cereal. Estos molinos actualmente en desuso cumplieron con su trabajo mediados del siglo XX, momento en que la energ\u00eda el\u00e9ctrica y los molinos industriales capturaron el mercado.<\/p>\n<p style=\"text-align: justify;\">La ruta se inicia en la plaza del Santuario donde confluye la Fabrica de harina y el Molino de de las Angustias, discurre por la margen izquierda del r\u00edo en direcci\u00f3n a Quil\u00f3s, por el paseo del r\u00edo hasta los molinos de Villabuena en Pico da Vila y se\u00a0 regresa al punto de partida pasando por Arborbuena.<\/p>\n<p style=\"text-align: justify;\">La naturaleza es la propia de ribera del noroeste ib\u00e9rico formada por alisos, \u00e1lamos, sauces, fresnos y chopos, con una abundante flora silvestre de inigualable belleza, formando en ocasiones bosques de galer\u00eda con humedales y una rica fauna de ciervos, jabal\u00edes, nutrias, mart\u00edn pescador, patos salvajes, cig\u00fce\u00f1as, truchas y cangrejos aut\u00f3ctonos, entre otros.<\/p>\n<p style=\"text-align: justify;\">Este entorno natural forma parte de los lugares m\u00e1s entra\u00f1ables y \u00fanicos donde todav\u00eda\u00a0 se deja o\u00edr, ver y sentir la naturaleza. Obs\u00e9rvalo, disfr\u00fatalo, resp\u00e9talo y por favor, no lo manches, no le maltrates con basura y no lo destruyas.<\/p>\n<p><img loading=\"lazy\" class=\"alignnone wp-image-671 \" src=\"https:\/\/www.cacabelos.org\/turismo\/wp-content\/uploads\/2022\/01\/Dibujo-Molino.png\" alt=\"\" width=\"495\" height=\"350\" \/><\/p>\n<p>1.Dibujo del ingenio hidr\u00e1ulico del molino: La fuerza del agua\u00a0 mueve la rueda hidr\u00e1ulica inferior y a su vez las muelas de piedra superiores que trituran el grano.<\/p>\n<p>\u00a0<\/p>\n<div id=\"attachment_666\" style=\"width: 1834px\" class=\"wp-caption alignleft\"><img aria-describedby=\"caption-attachment-666\" loading=\"lazy\" class=\"wp-image-666 size-full\" src=\"https:\/\/www.cacabelos.org\/turismo\/wp-content\/uploads\/2022\/01\/Molino-Cacabelos.jpg\" alt=\"Molino de las Angustias y f\u00e1brica de harina\" width=\"1824\" height=\"1368\" srcset=\"https:\/\/www.cacabelos.org\/turismo\/wp-content\/uploads\/2022\/01\/Molino-Cacabelos.jpg 1824w, https:\/\/www.cacabelos.org\/turismo\/wp-content\/uploads\/2022\/01\/Molino-Cacabelos-1280x960.jpg 1280w, https:\/\/www.cacabelos.org\/turismo\/wp-content\/uploads\/2022\/01\/Molino-Cacabelos-980x735.jpg 980w, https:\/\/www.cacabelos.org\/turismo\/wp-content\/uploads\/2022\/01\/Molino-Cacabelos-480x360.jpg 480w\" sizes=\"(min-width: 0px) and (max-width: 480px) 480px, (min-width: 481px) and (max-width: 980px) 980px, (min-width: 981px) and (max-width: 1280px) 1280px, (min-width: 1281px) 1824px, 100vw\" \/><p id=\"caption-attachment-666\" class=\"wp-caption-text\">Molino de las Angustias y f\u00e1brica de harina<\/p><\/div>\n<p>[\/et_pb_text][\/et_pb_column][\/et_pb_row][\/et_pb_section]<\/p>\n","protected":false},"excerpt":{"rendered":"<p>RUTA DE LOS MOLINOS HIDRA\u00daLICOS DEL MUNICIPIO DE CACABELOS\u00a0MAPA DE LA RUTALos pueblos del territorio del municipio de Cacabelos nacieron en torno a la arter\u00eda del r\u00edo C\u00faa y tienen su origen en la Edad Antigua, apareciendo nombrados por primera vez con sus nombres en el siglo X,\u00a0 Alta y Baja Media: Cacavillos, Quilous, Vilabonna, [&hellip;]<\/p>\n","protected":false},"author":1,"featured_media":0,"parent":0,"menu_order":0,"comment_status":"closed","ping_status":"closed","template":"","meta":{"_et_pb_use_builder":"on","_et_pb_old_content":"","_et_gb_content_width":""},"_links":{"self":[{"href":"https:\/\/cacabelos.org\/turismo\/wp-json\/wp\/v2\/pages\/315"}],"collection":[{"href":"https:\/\/cacabelos.org\/turismo\/wp-json\/wp\/v2\/pages"}],"about":[{"href":"https:\/\/cacabelos.org\/turismo\/wp-json\/wp\/v2\/types\/page"}],"author":[{"embeddable":true,"href":"https:\/\/cacabelos.org\/turismo\/wp-json\/wp\/v2\/users\/1"}],"replies":[{"embeddable":true,"href":"https:\/\/cacabelos.org\/turismo\/wp-json\/wp\/v2\/comments?post=315"}],"version-history":[{"count":17,"href":"https:\/\/cacabelos.org\/turismo\/wp-json\/wp\/v2\/pages\/315\/revisions"}],"predecessor-version":[{"id":2852,"href":"https:\/\/cacabelos.org\/turismo\/wp-json\/wp\/v2\/pages\/315\/revisions\/2852"}],"wp:attachment":[{"href":"https:\/\/cacabelos.org\/turismo\/wp-json\/wp\/v2\/media?parent=315"}],"curies":[{"name":"wp","href":"https:\/\/api.w.org\/{rel}","templated":true}]}}