{"id":555,"date":"2022-01-18T13:35:42","date_gmt":"2022-01-18T12:35:42","guid":{"rendered":"https:\/\/www.cacabelos.org\/turismo\/?page_id=555"},"modified":"2022-01-19T15:13:06","modified_gmt":"2022-01-19T14:13:06","slug":"descripcion","status":"publish","type":"page","link":"https:\/\/cacabelos.org\/turismo\/descripcion\/","title":{"rendered":"Descripci\u00f3n"},"content":{"rendered":"<p>[et_pb_section fb_built=&#8221;1&#8243; _builder_version=&#8221;4.9.4&#8243; _module_preset=&#8221;default&#8221;][et_pb_row _builder_version=&#8221;4.9.4&#8243; _module_preset=&#8221;default&#8221;][et_pb_column type=&#8221;4_4&#8243; _builder_version=&#8221;4.9.4&#8243; _module_preset=&#8221;default&#8221;][et_pb_text _builder_version=&#8221;4.9.4&#8243; _module_preset=&#8221;default&#8221; text_text_color=&#8221;#000000&#8243; hover_enabled=&#8221;0&#8243; sticky_enabled=&#8221;0&#8243;]<\/p>\n<p><strong>Descripci\u00f3n\u00a0<\/strong><\/p>\n<p style=\"text-align: center;\"><strong>La hoya berciana acogi\u00f3 un buen n\u00famero de asentamientos romanos que ya por entonces degustar\u00edan los vinos que todav\u00eda producen estas tierras, hoy bajo la Denominaci\u00f3n de Origen Bierzo, como seguramente disfrutar\u00edan de un paisaje ahora atravesado por el conocido como ramal franc\u00e9s del Camino de Santiago y el Camino Natural de La Mirada Circular, a los que esta ruta servir\u00e1 de enlace.<\/strong><\/p>\n<p style=\"text-align: left;\">El Camino Natural parte desde Cacabelos, en direcci\u00f3n a Villafranca del Bierzo, a la altura del puente que cruza el r\u00edo C\u00faa. El firme, pavimentado con hormig\u00f3n prensado imitando madera, transcurre junto al r\u00edo por una chopera entre las \u00faltimas casas del pueblo.<\/p>\n<p style=\"text-align: left;\">Aproximadamente a 700 m de su inicio, se aleja del r\u00edo y gira por delante de unas casas hacia un cruce, donde termina el pavimento de hormig\u00f3n, para despu\u00e9s encontrarse, junto a una rotonda, con la calle de la Edrada, que lleva a Quil\u00f3s por el oeste. Tras cruzarla y continuar en direcci\u00f3n norte por una gran recta pavimentada, la ruta sigue junto a la carretera LE-712 y un canal, pasando al lado de casas y cultivos, por un tramo que ha sido repoblado con alcornoques (<em>Quercus suber<\/em>), tilos (<em>Tilia<\/em>\u00a0sp.), acebos (<em>Ilex aquifolium<\/em>), casta\u00f1os (<em>Castanea sativa<\/em>), robles (<em>Quercus<\/em>\u00a0sp.) y cedros <img loading=\"lazy\" class=\"wp-image-585 alignleft size-medium\" src=\"https:\/\/www.cacabelos.org\/turismo\/wp-content\/uploads\/2022\/01\/Senal-225x300.jpg\" alt=\"\" width=\"225\" height=\"300\" \/><img loading=\"lazy\" class=\"wp-image-587 alignright size-full\" src=\"https:\/\/www.cacabelos.org\/turismo\/wp-content\/uploads\/2022\/01\/Logo-Caminos-Naturales.jpg\" alt=\"\" width=\"230\" height=\"230\" srcset=\"https:\/\/www.cacabelos.org\/turismo\/wp-content\/uploads\/2022\/01\/Logo-Caminos-Naturales.jpg 230w, https:\/\/www.cacabelos.org\/turismo\/wp-content\/uploads\/2022\/01\/Logo-Caminos-Naturales-150x150.jpg 150w\" sizes=\"(max-width: 230px) 100vw, 230px\" \/>(<em>Cedrus<\/em>\u00a0sp.), entre otras especies, con objeto de dar sombra al sendero.<\/p>\n<p style=\"text-align: left;\">El Camino pasa un canal de agua por un peque\u00f1o puente de madera, y llega a una rotonda que enlaza con la carretera que va hacia Quil\u00f3s. En realidad, esta carretera es la avenida de Santos Cascallana, que enlaza con la calle del Pi\u00f1on hasta la calle de la Fragua donde, girando a la izquierda, se llega al final de este Camino.<\/p>\n<p style=\"text-align: left;\">Al llegar al pueblo se pueden observar diversos ejemplos de construcciones t\u00edpicas de la zona, as\u00ed como huertas de cultivos tradicionales. Tras pasar junto a una fuente, el Camino Natural termina en una peque\u00f1a rotonda adornada en su centro con una columna de piedra.<\/p>\n<p>[\/et_pb_text][\/et_pb_column][\/et_pb_row][\/et_pb_section][et_pb_section fb_built=&#8221;1&#8243; _builder_version=&#8221;4.9.4&#8243; _module_preset=&#8221;default&#8221;][et_pb_row _builder_version=&#8221;4.9.4&#8243; _module_preset=&#8221;default&#8221;][et_pb_column type=&#8221;4_4&#8243; _builder_version=&#8221;4.9.4&#8243; _module_preset=&#8221;default&#8221;][\/et_pb_column][\/et_pb_row][\/et_pb_section]<\/p>\n","protected":false},"excerpt":{"rendered":"<p>Descripci\u00f3n\u00a0 La hoya berciana acogi\u00f3 un buen n\u00famero de asentamientos romanos que ya por entonces degustar\u00edan los vinos que todav\u00eda producen estas tierras, hoy bajo la Denominaci\u00f3n de Origen Bierzo, como seguramente disfrutar\u00edan de un paisaje ahora atravesado por el conocido como ramal franc\u00e9s del Camino de Santiago y el Camino Natural de La Mirada [&hellip;]<\/p>\n","protected":false},"author":2,"featured_media":0,"parent":0,"menu_order":0,"comment_status":"closed","ping_status":"closed","template":"","meta":{"_et_pb_use_builder":"on","_et_pb_old_content":"","_et_gb_content_width":""},"_links":{"self":[{"href":"https:\/\/cacabelos.org\/turismo\/wp-json\/wp\/v2\/pages\/555"}],"collection":[{"href":"https:\/\/cacabelos.org\/turismo\/wp-json\/wp\/v2\/pages"}],"about":[{"href":"https:\/\/cacabelos.org\/turismo\/wp-json\/wp\/v2\/types\/page"}],"author":[{"embeddable":true,"href":"https:\/\/cacabelos.org\/turismo\/wp-json\/wp\/v2\/users\/2"}],"replies":[{"embeddable":true,"href":"https:\/\/cacabelos.org\/turismo\/wp-json\/wp\/v2\/comments?post=555"}],"version-history":[{"count":10,"href":"https:\/\/cacabelos.org\/turismo\/wp-json\/wp\/v2\/pages\/555\/revisions"}],"predecessor-version":[{"id":658,"href":"https:\/\/cacabelos.org\/turismo\/wp-json\/wp\/v2\/pages\/555\/revisions\/658"}],"wp:attachment":[{"href":"https:\/\/cacabelos.org\/turismo\/wp-json\/wp\/v2\/media?parent=555"}],"curies":[{"name":"wp","href":"https:\/\/api.w.org\/{rel}","templated":true}]}}